{"id":6373,"date":"2026-01-17T23:35:56","date_gmt":"2026-01-17T22:35:56","guid":{"rendered":"https:\/\/helenegugenheim.com\/?page_id=6373"},"modified":"2026-04-01T10:51:13","modified_gmt":"2026-04-01T09:51:13","slug":"ocean-family","status":"publish","type":"page","link":"https:\/\/helenegugenheim.com\/?page_id=6373","title":{"rendered":"Ocean family"},"content":{"rendered":"\n<p class=\"has-small-font-size\"><strong>Notre relation \u00e0 l\u2019oc\u00e9an est comme une relation amoureuse toxique, faite d\u2019attachements puissants aussi bien que de comportements destructeurs. L\u2019installation rend sensible cette ambivalence.<\/strong><\/p>\n\n\n\n<figure class=\"wp-block-image size-large\"><img loading=\"lazy\" decoding=\"async\" width=\"681\" height=\"1024\" src=\"https:\/\/helenegugenheim.com\/wp-content\/uploads\/2026\/01\/BD2-DSC_8389-r-681x1024.jpg\" alt=\"\" class=\"wp-image-6394\" srcset=\"https:\/\/helenegugenheim.com\/wp-content\/uploads\/2026\/01\/BD2-DSC_8389-r-681x1024.jpg 681w, https:\/\/helenegugenheim.com\/wp-content\/uploads\/2026\/01\/BD2-DSC_8389-r-200x300.jpg 200w, https:\/\/helenegugenheim.com\/wp-content\/uploads\/2026\/01\/BD2-DSC_8389-r-768x1154.jpg 768w, https:\/\/helenegugenheim.com\/wp-content\/uploads\/2026\/01\/BD2-DSC_8389-r-1022x1536.jpg 1022w, https:\/\/helenegugenheim.com\/wp-content\/uploads\/2026\/01\/BD2-DSC_8389-r-1363x2048.jpg 1363w, https:\/\/helenegugenheim.com\/wp-content\/uploads\/2026\/01\/BD2-DSC_8389-r-scaled.jpg 1703w\" sizes=\"auto, (max-width: 681px) 100vw, 681px\" \/><\/figure>\n\n\n\n<p style=\"font-size:10px\"><br>Cartes \u00e0 jouer, 16 vid\u00e9os &#8211; captations de la performance <a href=\"https:\/\/helenegugenheim.com\/?page_id=5266\" data-type=\"page\" data-id=\"5266\">The Wake<\/a>, images d&rsquo;aquarium et de plong\u00e9es sous-marine &#8211; diffus\u00e9es en boucle par 16 smartphones et tablettes de seconde main, capteur de temp\u00e9rature, capteur de CO2, capteurs de proximit\u00e9, compteur de personnes, tapis de type persan, gros sel, plan du ciel 150&#215;213 cm. Ce travail a b\u00e9n\u00e9fici\u00e9 de l&rsquo;accompagnement scientifiques de S\u00f3nia Cristina (oc\u00e9anographe, Universit\u00e9 de l&rsquo;Algarve) ; Jeroen Sonke (directeur de recherche CNRS, g\u00e9osciences environnement Toulouse, observatoire Midi-Pyr\u00e9n\u00e9es) ; Jean-Marc Routoure (professeur des universit\u00e9s de Caen, \u00e9quipe \u00e9lectronique du GREYC), et du soutien de la Drac Normandie, de l\u2019institut DeMoS et de l\u2019Universit\u00e9 de Caen Normandie.<\/p>\n\n\n\n<figure class=\"wp-block-image size-large\"><img loading=\"lazy\" decoding=\"async\" width=\"1024\" height=\"681\" src=\"https:\/\/helenegugenheim.com\/wp-content\/uploads\/2026\/01\/BD-DSC_8447-r-1024x681.jpg\" alt=\"\" class=\"wp-image-6384\" srcset=\"https:\/\/helenegugenheim.com\/wp-content\/uploads\/2026\/01\/BD-DSC_8447-r-1024x681.jpg 1024w, https:\/\/helenegugenheim.com\/wp-content\/uploads\/2026\/01\/BD-DSC_8447-r-300x200.jpg 300w, https:\/\/helenegugenheim.com\/wp-content\/uploads\/2026\/01\/BD-DSC_8447-r-768x511.jpg 768w, https:\/\/helenegugenheim.com\/wp-content\/uploads\/2026\/01\/BD-DSC_8447-r-1536x1022.jpg 1536w, https:\/\/helenegugenheim.com\/wp-content\/uploads\/2026\/01\/BD-DSC_8447-r-2048x1363.jpg 2048w\" sizes=\"auto, (max-width: 1024px) 100vw, 1024px\" \/><\/figure>\n\n\n\n<div class=\"wp-block-columns is-layout-flex wp-container-core-columns-is-layout-9d6595d7 wp-block-columns-is-layout-flex\">\n<div class=\"wp-block-column is-layout-flow wp-block-column-is-layout-flow\"><\/div>\n\n\n\n<div class=\"wp-block-column is-layout-flow wp-block-column-is-layout-flow\"><\/div>\n<\/div>\n\n\n\n<figure class=\"wp-block-image\"><img loading=\"lazy\" decoding=\"async\" width=\"2560\" height=\"1703\" src=\"http:\/\/helenegugenheim.com\/wp-content\/uploads\/2026\/01\/BD-DSC_8536-r-scaled.jpg\" alt=\"\" class=\"wp-image-6374\" srcset=\"https:\/\/helenegugenheim.com\/wp-content\/uploads\/2026\/01\/BD-DSC_8536-r-scaled.jpg 2560w, https:\/\/helenegugenheim.com\/wp-content\/uploads\/2026\/01\/BD-DSC_8536-r-300x200.jpg 300w, https:\/\/helenegugenheim.com\/wp-content\/uploads\/2026\/01\/BD-DSC_8536-r-1024x681.jpg 1024w, https:\/\/helenegugenheim.com\/wp-content\/uploads\/2026\/01\/BD-DSC_8536-r-768x511.jpg 768w, https:\/\/helenegugenheim.com\/wp-content\/uploads\/2026\/01\/BD-DSC_8536-r-1536x1022.jpg 1536w, https:\/\/helenegugenheim.com\/wp-content\/uploads\/2026\/01\/BD-DSC_8536-r-2048x1363.jpg 2048w\" sizes=\"auto, (max-width: 2560px) 100vw, 2560px\" \/><\/figure>\n\n\n\n<p style=\"font-size:10px\">Exposition du 15 janvier au 20 mars 2026, visite comment\u00e9e mercredi 11 f\u00e9vrier \u00e0 18h, Biblioth\u00e8que Universitaire Rosalind Franklin Caen (14) \u00b7 campus 2<br>Capteurs environnementaux r\u00e9alis\u00e9s en partenariat avec les \u00e9tudiants de la Licence EEEA (\u00c9lectronique, \u00c9nergie \u00c9lectrique, Automatique) dans le cadre du programme Innover sans num\u00e9rique\/CEMU.<\/p>\n\n\n\n<p class=\"has-small-font-size\"><strong>Aussi dans la recherche-cr\u00e9ation Ocean family :<\/strong><br>&gt;&gt; <a href=\"http:\/\/helenegugenheim.com\/?page_id=5266\">The Wake<\/a><br>&gt;&gt; <a href=\"http:\/\/helenegugenheim.com\/?page_id=5401\">Les Sir\u00e8nes<\/a><br>&gt;&gt; <a href=\"http:\/\/helenegugenheim.com\/?page_id=5614\">Samuelito<\/a><br>&gt;&gt; <a href=\"http:\/\/helenegugenheim.com\/?page_id=5529\">Mar verde<\/a><br>&gt;&gt; <a href=\"http:\/\/helenegugenheim.com\/?page_id=5497\">Cuisiner la famille oc\u00e9an<\/a><br>&gt;&gt; <a href=\"https:\/\/helenegugenheim.com\/?page_id=5592\" data-type=\"page\" data-id=\"5592\">Une sardine<\/a> <br><\/p>\n\n\n\n<p><\/p>\n","protected":false},"excerpt":{"rendered":"<p>Notre relation \u00e0 l\u2019oc\u00e9an est comme une relation amoureuse toxique, faite d\u2019attachements puissants aussi bien que de comportements destructeurs. L\u2019installation rend sensible cette ambivalence. Cartes \u00e0 jouer, 16 vid\u00e9os &#8211; captations de la performance The Wake, images d&rsquo;aquarium et de plong\u00e9es sous-marine &#8211; diffus\u00e9es en boucle par 16 smartphones et tablettes de seconde main, capteur &hellip; <a href=\"https:\/\/helenegugenheim.com\/?page_id=6373\" class=\"more-link\">Continuer la lecture de <span class=\"screen-reader-text\">Ocean family<\/span><\/a><\/p>\n","protected":false},"author":1,"featured_media":0,"parent":0,"menu_order":0,"comment_status":"closed","ping_status":"closed","template":"","meta":{"footnotes":""},"class_list":["post-6373","page","type-page","status-publish","hentry"],"_links":{"self":[{"href":"https:\/\/helenegugenheim.com\/index.php?rest_route=\/wp\/v2\/pages\/6373","targetHints":{"allow":["GET"]}}],"collection":[{"href":"https:\/\/helenegugenheim.com\/index.php?rest_route=\/wp\/v2\/pages"}],"about":[{"href":"https:\/\/helenegugenheim.com\/index.php?rest_route=\/wp\/v2\/types\/page"}],"author":[{"embeddable":true,"href":"https:\/\/helenegugenheim.com\/index.php?rest_route=\/wp\/v2\/users\/1"}],"replies":[{"embeddable":true,"href":"https:\/\/helenegugenheim.com\/index.php?rest_route=%2Fwp%2Fv2%2Fcomments&post=6373"}],"version-history":[{"count":28,"href":"https:\/\/helenegugenheim.com\/index.php?rest_route=\/wp\/v2\/pages\/6373\/revisions"}],"predecessor-version":[{"id":6454,"href":"https:\/\/helenegugenheim.com\/index.php?rest_route=\/wp\/v2\/pages\/6373\/revisions\/6454"}],"wp:attachment":[{"href":"https:\/\/helenegugenheim.com\/index.php?rest_route=%2Fwp%2Fv2%2Fmedia&parent=6373"}],"curies":[{"name":"wp","href":"https:\/\/api.w.org\/{rel}","templated":true}]}}