{"id":6221,"date":"2025-09-03T11:49:44","date_gmt":"2025-09-03T10:49:44","guid":{"rendered":"https:\/\/helenegugenheim.com\/?page_id=6221"},"modified":"2026-05-02T09:55:31","modified_gmt":"2026-05-02T08:55:31","slug":"p_-matieresplastiques","status":"publish","type":"page","link":"https:\/\/helenegugenheim.com\/?page_id=6221","title":{"rendered":"voici P_"},"content":{"rendered":"\n<p class=\"has-text-align-left has-small-font-size\">P_ ne s&rsquo;est pas toujours appel\u00e9 P_<br>C&rsquo;est l&rsquo;\u00e9tat de chacun d&rsquo;entre nous <br>Maintenant qu&rsquo;explose la pollution plastique<br>[&#8230;] <\/p>\n\n\n\n<p class=\"has-dark-gray-color has-text-color has-link-color has-small-font-size wp-elements-c677e631174e22cad07f2958fa8c55e0\">Teaser de la performance : <a href=\"https:\/\/www.youtube.com\/watch?v=nfTZowQHiNU\" target=\"_blank\" rel=\"noreferrer noopener\">https:\/\/www.youtube.com\/watch?v=nfTZowQHiNU<\/a><\/p>\n\n\n\n<figure class=\"wp-block-image size-large\"><img loading=\"lazy\" decoding=\"async\" width=\"576\" height=\"1024\" src=\"http:\/\/helenegugenheim.com\/wp-content\/uploads\/2025\/09\/Image-2025-09-03-150601_1.8.1-576x1024.jpg\" alt=\"\" class=\"wp-image-6264\" srcset=\"https:\/\/helenegugenheim.com\/wp-content\/uploads\/2025\/09\/Image-2025-09-03-150601_1.8.1-576x1024.jpg 576w, https:\/\/helenegugenheim.com\/wp-content\/uploads\/2025\/09\/Image-2025-09-03-150601_1.8.1-169x300.jpg 169w, https:\/\/helenegugenheim.com\/wp-content\/uploads\/2025\/09\/Image-2025-09-03-150601_1.8.1-768x1365.jpg 768w, https:\/\/helenegugenheim.com\/wp-content\/uploads\/2025\/09\/Image-2025-09-03-150601_1.8.1-864x1536.jpg 864w, https:\/\/helenegugenheim.com\/wp-content\/uploads\/2025\/09\/Image-2025-09-03-150601_1.8.1.jpg 1080w\" sizes=\"auto, (max-width: 576px) 100vw, 576px\" \/><\/figure>\n\n\n\n<p style=\"font-size:10px\">Le<s> 18 \u00e0 Campus 2<\/s> (gr\u00e8ve) et le 25 septembre 2025 \u00e0 Campus 1, Caen (14)<br>Une performance d\u00e9velopp\u00e9e pour \u00ab&nbsp;Mati\u00e8res plastiques&nbsp;\u00bb, r\u00e9sidence de recherche-cr\u00e9ation en partenariat avec l\u2019ABTE \u2013 Universit\u00e9 de Caen et le D\u00f4me Caen.<\/p>\n\n\n\n<p class=\"has-small-font-size\"><strong>Aussi dans la recherche-cr\u00e9ation Mati\u00e8res Plastiques\u00a0:<\/strong><br>>> <a href=\"https:\/\/helenegugenheim.com\/?page_id=6121\" data-type=\"page\" data-id=\"6121\">Pythie <\/a><br>>> <a href=\"https:\/\/helenegugenheim.com\/?page_id=6473\" data-type=\"page\" data-id=\"6473\">Petit Peuple<\/a><br>>> <a href=\"https:\/\/helenegugenheim.com\/\" data-type=\"page\" data-id=\"6520\">2042<\/a><\/p>\n","protected":false},"excerpt":{"rendered":"<p>P_ ne s&rsquo;est pas toujours appel\u00e9 P_C&rsquo;est l&rsquo;\u00e9tat de chacun d&rsquo;entre nous Maintenant qu&rsquo;explose la pollution plastique[&#8230;] Teaser de la performance : https:\/\/www.youtube.com\/watch?v=nfTZowQHiNU Le 18 \u00e0 Campus 2 (gr\u00e8ve) et le 25 septembre 2025 \u00e0 Campus 1, Caen (14)Une performance d\u00e9velopp\u00e9e pour \u00ab&nbsp;Mati\u00e8res plastiques&nbsp;\u00bb, r\u00e9sidence de recherche-cr\u00e9ation en partenariat avec l\u2019ABTE \u2013 Universit\u00e9 de Caen &hellip; <a href=\"https:\/\/helenegugenheim.com\/?page_id=6221\" class=\"more-link\">Continuer la lecture de <span class=\"screen-reader-text\">voici P_<\/span><\/a><\/p>\n","protected":false},"author":1,"featured_media":0,"parent":0,"menu_order":0,"comment_status":"closed","ping_status":"closed","template":"","meta":{"footnotes":""},"class_list":["post-6221","page","type-page","status-publish","hentry"],"_links":{"self":[{"href":"https:\/\/helenegugenheim.com\/index.php?rest_route=\/wp\/v2\/pages\/6221","targetHints":{"allow":["GET"]}}],"collection":[{"href":"https:\/\/helenegugenheim.com\/index.php?rest_route=\/wp\/v2\/pages"}],"about":[{"href":"https:\/\/helenegugenheim.com\/index.php?rest_route=\/wp\/v2\/types\/page"}],"author":[{"embeddable":true,"href":"https:\/\/helenegugenheim.com\/index.php?rest_route=\/wp\/v2\/users\/1"}],"replies":[{"embeddable":true,"href":"https:\/\/helenegugenheim.com\/index.php?rest_route=%2Fwp%2Fv2%2Fcomments&post=6221"}],"version-history":[{"count":42,"href":"https:\/\/helenegugenheim.com\/index.php?rest_route=\/wp\/v2\/pages\/6221\/revisions"}],"predecessor-version":[{"id":6537,"href":"https:\/\/helenegugenheim.com\/index.php?rest_route=\/wp\/v2\/pages\/6221\/revisions\/6537"}],"wp:attachment":[{"href":"https:\/\/helenegugenheim.com\/index.php?rest_route=%2Fwp%2Fv2%2Fmedia&parent=6221"}],"curies":[{"name":"wp","href":"https:\/\/api.w.org\/{rel}","templated":true}]}}