{"id":6121,"date":"2025-06-02T15:17:57","date_gmt":"2025-06-02T14:17:57","guid":{"rendered":"https:\/\/helenegugenheim.com\/?page_id=6121"},"modified":"2026-05-02T09:54:40","modified_gmt":"2026-05-02T08:54:40","slug":"pythie","status":"publish","type":"page","link":"https:\/\/helenegugenheim.com\/?page_id=6121","title":{"rendered":"Pythie"},"content":{"rendered":"\n<p class=\"has-small-font-size\">On marche sur (une montagne de d\u00e9chets) <\/p>\n\n\n\n<p class=\"has-small-font-size\">Performance \u00e0 la Colline aux oiseaux, Caen, 23 mai 2025, dans le cadre de la r\u00e9sidence Mati\u00e8res plastiques, laboratoire ABTE Universit\u00e9 de Caen\/le D\u00f4me. Photos&nbsp;: M\u00e9lissa M\u00e9rinos.<\/p>\n\n\n\n<figure class=\"wp-block-image size-large\"><img loading=\"lazy\" decoding=\"async\" width=\"1024\" height=\"684\" src=\"https:\/\/helenegugenheim.com\/wp-content\/uploads\/2025\/06\/BD-Gugenheim-Merinos-03_MG_8143-1-1024x684.jpg\" alt=\"\" class=\"wp-image-6129\" srcset=\"https:\/\/helenegugenheim.com\/wp-content\/uploads\/2025\/06\/BD-Gugenheim-Merinos-03_MG_8143-1-1024x684.jpg 1024w, https:\/\/helenegugenheim.com\/wp-content\/uploads\/2025\/06\/BD-Gugenheim-Merinos-03_MG_8143-1-300x200.jpg 300w, https:\/\/helenegugenheim.com\/wp-content\/uploads\/2025\/06\/BD-Gugenheim-Merinos-03_MG_8143-1-768x513.jpg 768w, https:\/\/helenegugenheim.com\/wp-content\/uploads\/2025\/06\/BD-Gugenheim-Merinos-03_MG_8143-1-1536x1025.jpg 1536w, https:\/\/helenegugenheim.com\/wp-content\/uploads\/2025\/06\/BD-Gugenheim-Merinos-03_MG_8143-1-2048x1367.jpg 2048w\" sizes=\"auto, (max-width: 1024px) 100vw, 1024px\" \/><\/figure>\n\n\n\n<div class=\"wp-block-group\"><div class=\"wp-block-group__inner-container is-layout-constrained wp-block-group-is-layout-constrained\">\n<div class=\"wp-block-columns is-layout-flex wp-container-core-columns-is-layout-9d6595d7 wp-block-columns-is-layout-flex\">\n<div class=\"wp-block-column is-layout-flow wp-block-column-is-layout-flow\" style=\"flex-basis:100%\">\n<div class=\"wp-block-columns is-layout-flex wp-container-core-columns-is-layout-9d6595d7 wp-block-columns-is-layout-flex\">\n<div class=\"wp-block-column is-layout-flow wp-block-column-is-layout-flow\">\n<figure class=\"wp-block-image size-large is-resized\"><img loading=\"lazy\" decoding=\"async\" width=\"1024\" height=\"683\" src=\"http:\/\/helenegugenheim.com\/wp-content\/uploads\/2025\/06\/BD-Gugenheim-Merinos-02_MG_8156-1024x683.jpg\" alt=\"\" class=\"wp-image-6123\" style=\"width:327px;height:auto\" srcset=\"https:\/\/helenegugenheim.com\/wp-content\/uploads\/2025\/06\/BD-Gugenheim-Merinos-02_MG_8156-1024x683.jpg 1024w, https:\/\/helenegugenheim.com\/wp-content\/uploads\/2025\/06\/BD-Gugenheim-Merinos-02_MG_8156-300x200.jpg 300w, https:\/\/helenegugenheim.com\/wp-content\/uploads\/2025\/06\/BD-Gugenheim-Merinos-02_MG_8156-768x512.jpg 768w, https:\/\/helenegugenheim.com\/wp-content\/uploads\/2025\/06\/BD-Gugenheim-Merinos-02_MG_8156-1536x1025.jpg 1536w, https:\/\/helenegugenheim.com\/wp-content\/uploads\/2025\/06\/BD-Gugenheim-Merinos-02_MG_8156-2048x1367.jpg 2048w\" sizes=\"auto, (max-width: 1024px) 100vw, 1024px\" \/><\/figure>\n<\/div>\n\n\n\n<div class=\"wp-block-column is-layout-flow wp-block-column-is-layout-flow\">\n<figure class=\"wp-block-image size-large\"><img loading=\"lazy\" decoding=\"async\" width=\"1024\" height=\"683\" src=\"http:\/\/helenegugenheim.com\/wp-content\/uploads\/2025\/06\/BD-Gugenheim-Merinos-XX_MG_8189-1024x683.jpg\" alt=\"\" class=\"wp-image-6139\" srcset=\"https:\/\/helenegugenheim.com\/wp-content\/uploads\/2025\/06\/BD-Gugenheim-Merinos-XX_MG_8189-1024x683.jpg 1024w, https:\/\/helenegugenheim.com\/wp-content\/uploads\/2025\/06\/BD-Gugenheim-Merinos-XX_MG_8189-300x200.jpg 300w, https:\/\/helenegugenheim.com\/wp-content\/uploads\/2025\/06\/BD-Gugenheim-Merinos-XX_MG_8189-768x512.jpg 768w, https:\/\/helenegugenheim.com\/wp-content\/uploads\/2025\/06\/BD-Gugenheim-Merinos-XX_MG_8189-1536x1025.jpg 1536w, https:\/\/helenegugenheim.com\/wp-content\/uploads\/2025\/06\/BD-Gugenheim-Merinos-XX_MG_8189-2048x1367.jpg 2048w\" sizes=\"auto, (max-width: 1024px) 100vw, 1024px\" \/><\/figure>\n<\/div>\n<\/div>\n<\/div>\n<\/div>\n<\/div><\/div>\n\n\n\n<div class=\"wp-block-columns is-layout-flex wp-container-core-columns-is-layout-9d6595d7 wp-block-columns-is-layout-flex\">\n<div class=\"wp-block-column is-layout-flow wp-block-column-is-layout-flow\">\n<figure class=\"wp-block-image size-large\"><img loading=\"lazy\" decoding=\"async\" width=\"1024\" height=\"683\" src=\"http:\/\/helenegugenheim.com\/wp-content\/uploads\/2025\/06\/BD-Gugenheim-Merinos-05_MG_8208-0-1024x683.jpg\" alt=\"\" class=\"wp-image-6126\" srcset=\"https:\/\/helenegugenheim.com\/wp-content\/uploads\/2025\/06\/BD-Gugenheim-Merinos-05_MG_8208-0-1024x683.jpg 1024w, https:\/\/helenegugenheim.com\/wp-content\/uploads\/2025\/06\/BD-Gugenheim-Merinos-05_MG_8208-0-300x200.jpg 300w, https:\/\/helenegugenheim.com\/wp-content\/uploads\/2025\/06\/BD-Gugenheim-Merinos-05_MG_8208-0-768x512.jpg 768w, https:\/\/helenegugenheim.com\/wp-content\/uploads\/2025\/06\/BD-Gugenheim-Merinos-05_MG_8208-0-1536x1025.jpg 1536w, https:\/\/helenegugenheim.com\/wp-content\/uploads\/2025\/06\/BD-Gugenheim-Merinos-05_MG_8208-0-2048x1367.jpg 2048w\" sizes=\"auto, (max-width: 1024px) 100vw, 1024px\" \/><\/figure>\n<\/div>\n<\/div>\n\n\n\n<p class=\"has-small-font-size\"><strong>Aussi dans la recherche-cr\u00e9ation Mati\u00e8res Plastiques\u00a0:<\/strong><br>>> <a href=\"https:\/\/helenegugenheim.com\/?page_id=6221\" data-type=\"page\" data-id=\"6221\">voici P_<\/a><br>>> <a href=\"https:\/\/helenegugenheim.com\/\" data-type=\"page\" data-id=\"6520\">2042<\/a><br>>> <a href=\"https:\/\/helenegugenheim.com\/?page_id=6473\" data-type=\"page\" data-id=\"6473\">Petit Peuple<\/a><br><br><\/p>\n\n\n\n<p><\/p>\n","protected":false},"excerpt":{"rendered":"<p>On marche sur (une montagne de d\u00e9chets) Performance \u00e0 la Colline aux oiseaux, Caen, 23 mai 2025, dans le cadre de la r\u00e9sidence Mati\u00e8res plastiques, laboratoire ABTE Universit\u00e9 de Caen\/le D\u00f4me. Photos&nbsp;: M\u00e9lissa M\u00e9rinos. Aussi dans la recherche-cr\u00e9ation Mati\u00e8res Plastiques\u00a0:>> voici P_>> 2042>> Petit Peuple<\/p>\n","protected":false},"author":1,"featured_media":0,"parent":0,"menu_order":0,"comment_status":"closed","ping_status":"closed","template":"","meta":{"footnotes":""},"class_list":["post-6121","page","type-page","status-publish","hentry"],"_links":{"self":[{"href":"https:\/\/helenegugenheim.com\/index.php?rest_route=\/wp\/v2\/pages\/6121","targetHints":{"allow":["GET"]}}],"collection":[{"href":"https:\/\/helenegugenheim.com\/index.php?rest_route=\/wp\/v2\/pages"}],"about":[{"href":"https:\/\/helenegugenheim.com\/index.php?rest_route=\/wp\/v2\/types\/page"}],"author":[{"embeddable":true,"href":"https:\/\/helenegugenheim.com\/index.php?rest_route=\/wp\/v2\/users\/1"}],"replies":[{"embeddable":true,"href":"https:\/\/helenegugenheim.com\/index.php?rest_route=%2Fwp%2Fv2%2Fcomments&post=6121"}],"version-history":[{"count":22,"href":"https:\/\/helenegugenheim.com\/index.php?rest_route=\/wp\/v2\/pages\/6121\/revisions"}],"predecessor-version":[{"id":6538,"href":"https:\/\/helenegugenheim.com\/index.php?rest_route=\/wp\/v2\/pages\/6121\/revisions\/6538"}],"wp:attachment":[{"href":"https:\/\/helenegugenheim.com\/index.php?rest_route=%2Fwp%2Fv2%2Fmedia&parent=6121"}],"curies":[{"name":"wp","href":"https:\/\/api.w.org\/{rel}","templated":true}]}}