{"id":6085,"date":"2025-03-24T09:46:39","date_gmt":"2025-03-24T08:46:39","guid":{"rendered":"https:\/\/helenegugenheim.com\/?page_id=6085"},"modified":"2025-03-24T09:55:53","modified_gmt":"2025-03-24T08:55:53","slug":"je-tappelle-tres-vite-a-propos-de-2020-et-2021","status":"publish","type":"page","link":"https:\/\/helenegugenheim.com\/?page_id=6085","title":{"rendered":"Je t\u2019appelle tr\u00e8s vite (\u00e0 propos de 2020 et 2021)"},"content":{"rendered":"\n<figure class=\"wp-block-image size-large\"><img loading=\"lazy\" decoding=\"async\" width=\"1024\" height=\"682\" src=\"http:\/\/helenegugenheim.com\/wp-content\/uploads\/2025\/03\/02-DSC_3014-BD-1024x682.jpg\" alt=\"\" class=\"wp-image-6089\" srcset=\"https:\/\/helenegugenheim.com\/wp-content\/uploads\/2025\/03\/02-DSC_3014-BD-1024x682.jpg 1024w, https:\/\/helenegugenheim.com\/wp-content\/uploads\/2025\/03\/02-DSC_3014-BD-300x200.jpg 300w, https:\/\/helenegugenheim.com\/wp-content\/uploads\/2025\/03\/02-DSC_3014-BD-768x511.jpg 768w, https:\/\/helenegugenheim.com\/wp-content\/uploads\/2025\/03\/02-DSC_3014-BD.jpg 1500w\" sizes=\"auto, (max-width: 1024px) 100vw, 1024px\" \/><\/figure>\n\n\n\n<figure class=\"wp-block-image size-large\"><img loading=\"lazy\" decoding=\"async\" width=\"1024\" height=\"682\" src=\"http:\/\/helenegugenheim.com\/wp-content\/uploads\/2025\/03\/03-DSC_3235-BD-1024x682.jpg\" alt=\"\" class=\"wp-image-6087\" srcset=\"https:\/\/helenegugenheim.com\/wp-content\/uploads\/2025\/03\/03-DSC_3235-BD-1024x682.jpg 1024w, https:\/\/helenegugenheim.com\/wp-content\/uploads\/2025\/03\/03-DSC_3235-BD-300x200.jpg 300w, https:\/\/helenegugenheim.com\/wp-content\/uploads\/2025\/03\/03-DSC_3235-BD-768x511.jpg 768w, https:\/\/helenegugenheim.com\/wp-content\/uploads\/2025\/03\/03-DSC_3235-BD.jpg 1500w\" sizes=\"auto, (max-width: 1024px) 100vw, 1024px\" \/><\/figure>\n\n\n\n<figure class=\"wp-block-image size-large\"><img loading=\"lazy\" decoding=\"async\" width=\"681\" height=\"1024\" src=\"http:\/\/helenegugenheim.com\/wp-content\/uploads\/2025\/03\/05-DSC_3270-BD-681x1024.jpg\" alt=\"\" class=\"wp-image-6091\" srcset=\"https:\/\/helenegugenheim.com\/wp-content\/uploads\/2025\/03\/05-DSC_3270-BD-681x1024.jpg 681w, https:\/\/helenegugenheim.com\/wp-content\/uploads\/2025\/03\/05-DSC_3270-BD-200x300.jpg 200w, https:\/\/helenegugenheim.com\/wp-content\/uploads\/2025\/03\/05-DSC_3270-BD-768x1155.jpg 768w, https:\/\/helenegugenheim.com\/wp-content\/uploads\/2025\/03\/05-DSC_3270-BD-1022x1536.jpg 1022w, https:\/\/helenegugenheim.com\/wp-content\/uploads\/2025\/03\/05-DSC_3270-BD-1362x2048.jpg 1362w, https:\/\/helenegugenheim.com\/wp-content\/uploads\/2025\/03\/05-DSC_3270-BD.jpg 1500w\" sizes=\"auto, (max-width: 681px) 100vw, 681px\" \/><\/figure>\n\n\n\n<figure class=\"wp-block-image size-large\"><a href=\"http:\/\/helenegugenheim.com\/wp-content\/uploads\/2025\/03\/06-DSC_3336-BD.jpg\"><img loading=\"lazy\" decoding=\"async\" width=\"1024\" height=\"682\" src=\"http:\/\/helenegugenheim.com\/wp-content\/uploads\/2025\/03\/06-DSC_3336-BD-1024x682.jpg\" alt=\"\" class=\"wp-image-6090\" srcset=\"https:\/\/helenegugenheim.com\/wp-content\/uploads\/2025\/03\/06-DSC_3336-BD-1024x682.jpg 1024w, https:\/\/helenegugenheim.com\/wp-content\/uploads\/2025\/03\/06-DSC_3336-BD-300x200.jpg 300w, https:\/\/helenegugenheim.com\/wp-content\/uploads\/2025\/03\/06-DSC_3336-BD-768x511.jpg 768w, https:\/\/helenegugenheim.com\/wp-content\/uploads\/2025\/03\/06-DSC_3336-BD.jpg 1500w\" sizes=\"auto, (max-width: 1024px) 100vw, 1024px\" \/><\/a><\/figure>\n\n\n\n<p class=\"has-small-font-size\">Pl\u00e2tre, liti\u00e8re pour chat, \u00e9dition <a href=\"https:\/\/helenegugenheim.com\/?page_id=5811\" data-type=\"page\" data-id=\"5811\">Les assist\u00e9\u00b7es <\/a>au format A3, environ 200 x 200 cm, 2025<\/p>\n","protected":false},"excerpt":{"rendered":"<p>Pl\u00e2tre, liti\u00e8re pour chat, \u00e9dition Les assist\u00e9\u00b7es au format A3, environ 200 x 200 cm, 2025<\/p>\n","protected":false},"author":1,"featured_media":0,"parent":3001,"menu_order":0,"comment_status":"closed","ping_status":"closed","template":"","meta":{"footnotes":""},"class_list":["post-6085","page","type-page","status-publish","hentry"],"_links":{"self":[{"href":"https:\/\/helenegugenheim.com\/index.php?rest_route=\/wp\/v2\/pages\/6085","targetHints":{"allow":["GET"]}}],"collection":[{"href":"https:\/\/helenegugenheim.com\/index.php?rest_route=\/wp\/v2\/pages"}],"about":[{"href":"https:\/\/helenegugenheim.com\/index.php?rest_route=\/wp\/v2\/types\/page"}],"author":[{"embeddable":true,"href":"https:\/\/helenegugenheim.com\/index.php?rest_route=\/wp\/v2\/users\/1"}],"replies":[{"embeddable":true,"href":"https:\/\/helenegugenheim.com\/index.php?rest_route=%2Fwp%2Fv2%2Fcomments&post=6085"}],"version-history":[{"count":12,"href":"https:\/\/helenegugenheim.com\/index.php?rest_route=\/wp\/v2\/pages\/6085\/revisions"}],"predecessor-version":[{"id":6107,"href":"https:\/\/helenegugenheim.com\/index.php?rest_route=\/wp\/v2\/pages\/6085\/revisions\/6107"}],"up":[{"embeddable":true,"href":"https:\/\/helenegugenheim.com\/index.php?rest_route=\/wp\/v2\/pages\/3001"}],"wp:attachment":[{"href":"https:\/\/helenegugenheim.com\/index.php?rest_route=%2Fwp%2Fv2%2Fmedia&parent=6085"}],"curies":[{"name":"wp","href":"https:\/\/api.w.org\/{rel}","templated":true}]}}