{"id":5811,"date":"2024-12-11T11:56:06","date_gmt":"2024-12-11T10:56:06","guid":{"rendered":"http:\/\/helenegugenheim.com\/?page_id=5811"},"modified":"2025-03-24T09:50:50","modified_gmt":"2025-03-24T08:50:50","slug":"les-assiste%c2%b7es","status":"publish","type":"page","link":"https:\/\/helenegugenheim.com\/?page_id=5811","title":{"rendered":"Les assist\u00e9\u00b7es"},"content":{"rendered":"\n<figure class=\"wp-block-image size-large\"><img loading=\"lazy\" decoding=\"async\" width=\"1024\" height=\"1022\" src=\"http:\/\/helenegugenheim.com\/wp-content\/uploads\/2024\/12\/les-assistees-1024x1022.jpg\" alt=\"\" class=\"wp-image-5812\" srcset=\"https:\/\/helenegugenheim.com\/wp-content\/uploads\/2024\/12\/les-assistees-1024x1022.jpg 1024w, https:\/\/helenegugenheim.com\/wp-content\/uploads\/2024\/12\/les-assistees-300x300.jpg 300w, https:\/\/helenegugenheim.com\/wp-content\/uploads\/2024\/12\/les-assistees-150x150.jpg 150w, https:\/\/helenegugenheim.com\/wp-content\/uploads\/2024\/12\/les-assistees-768x766.jpg 768w, https:\/\/helenegugenheim.com\/wp-content\/uploads\/2024\/12\/les-assistees-1536x1533.jpg 1536w, https:\/\/helenegugenheim.com\/wp-content\/uploads\/2024\/12\/les-assistees.jpg 2000w\" sizes=\"auto, (max-width: 1024px) 100vw, 1024px\" \/><\/figure>\n\n\n\n<p class=\"has-small-font-size\">C\u2019est pour les tontons qu\u2019en ont marre de tous ces branleurs qu\u2019on paye \u00e0 rien foutre, et pour les cousins qui disent des trucs comme \u00ab\u00a0<em>win-win<\/em>\u00ab\u00a0, et les mamies qui sont persuad\u00e9es qu\u2019une bonne vie \u00e7a se m\u00e9rite, et pour cette pote, et m\u00eame pour ta ou ton partenaire qui d\u00e9rape parfois<\/p>\n\n\n\n<p class=\"has-small-font-size\">PDF <a href=\"http:\/\/helenegugenheim.com\/wp-content\/uploads\/2024\/12\/Les-assistees_Helene-Gugenheim.pdf\" target=\"_blank\" rel=\"noreferrer noopener\">\u00e0 t\u00e9l\u00e9charger ici<\/a>, \u00e0 imprimer recto verso, plier en 4 et \u00e0 offrir ou tracter  <\/p>\n\n\n\n<p class=\"has-small-font-size\">C\u2019est un format A3 mais \u00e7a marche aussi en A4<br><br>Cette \u00e9dition fait aussi partie de l&rsquo;installation <a href=\"https:\/\/helenegugenheim.com\/?page_id=6085\" data-type=\"page\" data-id=\"6085\">\u00ab\u00a0Je t&rsquo;appelle tr\u00e8s vite (\u00e0 propos de 2020 et 2021)\u00a0\u00bb<\/a><\/p>\n\n\n\n<ol class=\"wp-block-list\"><\/ol>\n","protected":false},"excerpt":{"rendered":"<p>C\u2019est pour les tontons qu\u2019en ont marre de tous ces branleurs qu\u2019on paye \u00e0 rien foutre, et pour les cousins qui disent des trucs comme \u00ab\u00a0win-win\u00ab\u00a0, et les mamies qui sont persuad\u00e9es qu\u2019une bonne vie \u00e7a se m\u00e9rite, et pour cette pote, et m\u00eame pour ta ou ton partenaire qui d\u00e9rape parfois PDF \u00e0 t\u00e9l\u00e9charger &hellip; <a href=\"https:\/\/helenegugenheim.com\/?page_id=5811\" class=\"more-link\">Continuer la lecture de <span class=\"screen-reader-text\">Les assist\u00e9\u00b7es<\/span><\/a><\/p>\n","protected":false},"author":1,"featured_media":0,"parent":3001,"menu_order":0,"comment_status":"closed","ping_status":"closed","template":"","meta":{"footnotes":""},"class_list":["post-5811","page","type-page","status-publish","hentry"],"_links":{"self":[{"href":"https:\/\/helenegugenheim.com\/index.php?rest_route=\/wp\/v2\/pages\/5811","targetHints":{"allow":["GET"]}}],"collection":[{"href":"https:\/\/helenegugenheim.com\/index.php?rest_route=\/wp\/v2\/pages"}],"about":[{"href":"https:\/\/helenegugenheim.com\/index.php?rest_route=\/wp\/v2\/types\/page"}],"author":[{"embeddable":true,"href":"https:\/\/helenegugenheim.com\/index.php?rest_route=\/wp\/v2\/users\/1"}],"replies":[{"embeddable":true,"href":"https:\/\/helenegugenheim.com\/index.php?rest_route=%2Fwp%2Fv2%2Fcomments&post=5811"}],"version-history":[{"count":12,"href":"https:\/\/helenegugenheim.com\/index.php?rest_route=\/wp\/v2\/pages\/5811\/revisions"}],"predecessor-version":[{"id":6103,"href":"https:\/\/helenegugenheim.com\/index.php?rest_route=\/wp\/v2\/pages\/5811\/revisions\/6103"}],"up":[{"embeddable":true,"href":"https:\/\/helenegugenheim.com\/index.php?rest_route=\/wp\/v2\/pages\/3001"}],"wp:attachment":[{"href":"https:\/\/helenegugenheim.com\/index.php?rest_route=%2Fwp%2Fv2%2Fmedia&parent=5811"}],"curies":[{"name":"wp","href":"https:\/\/api.w.org\/{rel}","templated":true}]}}