{"id":5497,"date":"2023-03-26T14:55:19","date_gmt":"2023-03-26T13:55:19","guid":{"rendered":"http:\/\/helenegugenheim.com\/?page_id=5497"},"modified":"2026-01-17T23:43:40","modified_gmt":"2026-01-17T22:43:40","slug":"cuisiner-la-famille-ocean","status":"publish","type":"page","link":"https:\/\/helenegugenheim.com\/?page_id=5497","title":{"rendered":"Cuisiner la famille oc\u00e9an"},"content":{"rendered":"\n<p class=\"has-small-font-size\">Comment le fait de nous nourrir d\u2019un autre \u00eatre vivant nous engage&nbsp;? nous nous retrouvons pour cuisiner des recettes de poisson qui ont marqu\u00e9es nos histoires. Nous cuisinons des ingr\u00e9dients mais aussi, des vies de poisson, de p\u00eacheurs, mareyeuses, poissonniers, des histoires intimes, biographiques, \u00e9conomiques, politiques et \u00e9cologiques.<\/p>\n\n\n\n<figure class=\"wp-block-video\"><video controls poster=\"http:\/\/helenegugenheim.com\/wp-content\/uploads\/2024\/12\/still1-calamar-ok.jpg\" src=\"http:\/\/helenegugenheim.com\/wp-content\/uploads\/2024\/12\/teaser-calamar-ok.mp4\"><\/video><\/figure>\n\n\n\n<p style=\"font-size:13px\"><br><strong>R\u00e9sidence au Centre social de Courteille<\/strong>, avec la Maison des Initiatives Citoyennes, Alen\u00e7on (2022-2023)<br><strong>R\u00e9sidence \u00e0 La G\u00e9n\u00e9rale<\/strong>, Paris (avril 2024)<br>Une production DeMoS pour le Carefish\/catch project. Images de la vid\u00e9o ci-dessus : Nina Otter<br><br><strong>Fish facts 41, Levers for change in fishing<\/strong>, p. 8-9, March 2023, Fair fish \u00e9dition : <a href=\"https:\/\/think.fish\/wp-content\/uploads\/2024\/06\/fish-facts_41_EN_web.pdf\" data-type=\"link\" data-id=\"http:\/\/www.fair-fish.ch\/media\/pdf\/mehrwissen\/2023\/03-24\/ff_facts41_engl_web.pdf\" target=\"_blank\" rel=\"noreferrer noopener\">t\u00e9l\u00e9charger le PDF<\/a><br><strong>Insert#2, Cuisiner la famille oc\u00e9an<\/strong>, p. 74-76, Septembre 2023, RN13bis \u00e9dition : <a href=\"https:\/\/rn13bis.fr\/media\/pages\/actions\/insert\/3b18439000-1727338804\/insert-n2-web.pdf\" data-type=\"link\" data-id=\"https:\/\/rn13bis.fr\/media\/pages\/actions\/insert\/3b18439000-1727338804\/insert-n2-web.pdf\" target=\"_blank\" rel=\"noreferrer noopener\">t\u00e9l\u00e9charger le PDF<\/a><\/p>\n\n\n\n<figure class=\"wp-block-image size-large is-resized\"><img loading=\"lazy\" decoding=\"async\" width=\"1024\" height=\"938\" src=\"http:\/\/helenegugenheim.com\/wp-content\/uploads\/2023\/03\/merlu-1024x938.png\" alt=\"\" class=\"wp-image-5498\" style=\"width:690px;height:632px\" srcset=\"https:\/\/helenegugenheim.com\/wp-content\/uploads\/2023\/03\/merlu-1024x938.png 1024w, https:\/\/helenegugenheim.com\/wp-content\/uploads\/2023\/03\/merlu-300x275.png 300w, https:\/\/helenegugenheim.com\/wp-content\/uploads\/2023\/03\/merlu-768x704.png 768w, https:\/\/helenegugenheim.com\/wp-content\/uploads\/2023\/03\/merlu-1536x1408.png 1536w, https:\/\/helenegugenheim.com\/wp-content\/uploads\/2023\/03\/merlu.png 2009w\" sizes=\"auto, (max-width: 1024px) 100vw, 1024px\" \/><\/figure>\n\n\n\n<p style=\"font-size:10px\">Typos : VG5000 Justin Bihan et CirrusCumulus Clara Sambot (fonderie Velvetyne)<\/p>\n\n\n\n<div style=\"height:65px\" aria-hidden=\"true\" class=\"wp-block-spacer\"><\/div>\n\n\n\n<figure class=\"wp-block-image size-large\"><img loading=\"lazy\" decoding=\"async\" width=\"1024\" height=\"241\" src=\"http:\/\/helenegugenheim.com\/wp-content\/uploads\/2023\/03\/chore-planche-1024x241.gif\" alt=\"\" class=\"wp-image-5501\" srcset=\"https:\/\/helenegugenheim.com\/wp-content\/uploads\/2023\/03\/chore-planche-1024x241.gif 1024w, https:\/\/helenegugenheim.com\/wp-content\/uploads\/2023\/03\/chore-planche-300x71.gif 300w, https:\/\/helenegugenheim.com\/wp-content\/uploads\/2023\/03\/chore-planche-768x181.gif 768w, https:\/\/helenegugenheim.com\/wp-content\/uploads\/2023\/03\/chore-planche-1536x362.gif 1536w\" sizes=\"auto, (max-width: 1024px) 100vw, 1024px\" \/><\/figure>\n\n\n\n<p style=\"font-size:10px\">Notes chor\u00e9graphiques pour la cr\u00e9ation d&rsquo;un rituel (Une sardine)<\/p>\n\n\n\n<hr class=\"wp-block-separator has-css-opacity\"\/>\n\n\n\n<p class=\"has-small-font-size\"><strong>Aussi dans la recherche-cr\u00e9ation Ocean family : <\/strong><br>>> <a href=\"http:\/\/helenegugenheim.com\/?page_id=5266\" data-type=\"page\" data-id=\"5266\">The Wake<\/a><br>>> <a href=\"http:\/\/helenegugenheim.com\/?page_id=5401\" data-type=\"page\" data-id=\"5401\">Les Sir\u00e8nes<\/a><br>>> <a href=\"http:\/\/helenegugenheim.com\/?page_id=5614\">Samuelito<\/a><br>>> <a href=\"http:\/\/helenegugenheim.com\/?page_id=5529\" data-type=\"page\" data-id=\"5529\">Mar verde<\/a><br>>> <a href=\"http:\/\/helenegugenheim.com\/?page_id=5592\" data-type=\"page\" data-id=\"5592\">Une sardine<\/a><br>>> <a href=\"https:\/\/helenegugenheim.com\/?page_id=6373\" data-type=\"page\" data-id=\"6373\">Ocean family<\/a><\/p>\n\n\n\n<div style=\"height:100px\" aria-hidden=\"true\" class=\"wp-block-spacer\"><\/div>\n","protected":false},"excerpt":{"rendered":"<p>Comment le fait de nous nourrir d\u2019un autre \u00eatre vivant nous engage&nbsp;? nous nous retrouvons pour cuisiner des recettes de poisson qui ont marqu\u00e9es nos histoires. Nous cuisinons des ingr\u00e9dients mais aussi, des vies de poisson, de p\u00eacheurs, mareyeuses, poissonniers, des histoires intimes, biographiques, \u00e9conomiques, politiques et \u00e9cologiques. R\u00e9sidence au Centre social de Courteille, avec &hellip; <a href=\"https:\/\/helenegugenheim.com\/?page_id=5497\" class=\"more-link\">Continuer la lecture de <span class=\"screen-reader-text\">Cuisiner la famille oc\u00e9an<\/span><\/a><\/p>\n","protected":false},"author":1,"featured_media":0,"parent":3001,"menu_order":0,"comment_status":"closed","ping_status":"closed","template":"","meta":{"footnotes":""},"class_list":["post-5497","page","type-page","status-publish","hentry"],"_links":{"self":[{"href":"https:\/\/helenegugenheim.com\/index.php?rest_route=\/wp\/v2\/pages\/5497","targetHints":{"allow":["GET"]}}],"collection":[{"href":"https:\/\/helenegugenheim.com\/index.php?rest_route=\/wp\/v2\/pages"}],"about":[{"href":"https:\/\/helenegugenheim.com\/index.php?rest_route=\/wp\/v2\/types\/page"}],"author":[{"embeddable":true,"href":"https:\/\/helenegugenheim.com\/index.php?rest_route=\/wp\/v2\/users\/1"}],"replies":[{"embeddable":true,"href":"https:\/\/helenegugenheim.com\/index.php?rest_route=%2Fwp%2Fv2%2Fcomments&post=5497"}],"version-history":[{"count":57,"href":"https:\/\/helenegugenheim.com\/index.php?rest_route=\/wp\/v2\/pages\/5497\/revisions"}],"predecessor-version":[{"id":6402,"href":"https:\/\/helenegugenheim.com\/index.php?rest_route=\/wp\/v2\/pages\/5497\/revisions\/6402"}],"up":[{"embeddable":true,"href":"https:\/\/helenegugenheim.com\/index.php?rest_route=\/wp\/v2\/pages\/3001"}],"wp:attachment":[{"href":"https:\/\/helenegugenheim.com\/index.php?rest_route=%2Fwp%2Fv2%2Fmedia&parent=5497"}],"curies":[{"name":"wp","href":"https:\/\/api.w.org\/{rel}","templated":true}]}}