{"id":4961,"date":"2021-10-26T18:07:31","date_gmt":"2021-10-26T17:07:31","guid":{"rendered":"http:\/\/helenegugenheim.com\/?page_id=4961"},"modified":"2024-12-28T11:46:38","modified_gmt":"2024-12-28T10:46:38","slug":"les-orgies-confinees","status":"publish","type":"page","link":"https:\/\/helenegugenheim.com\/?page_id=4961","title":{"rendered":"Les Orgies confin\u00e9es"},"content":{"rendered":"\n<p class=\"has-small-font-size\">[avertissement : sexualit\u00e9, nudit\u00e9] <br><br>Dispositif de sexualit\u00e9 collective pour temps de pand\u00e9mie. <br>Les Orgies confin\u00e9es d\u00e9placent certains motifs de la sexualit\u00e9\u00a0: le r\u00f4le de la voyeureuse, la mise en sc\u00e8ne de soi, la cam\u00e9ra comme partenaire, l\u2019orgasme comme manifestation parmi d\u2019autres, la masturbation comme pratique collective, la sexualit\u00e9 comme exp\u00e9rience explicitement construite, etc. C\u2019est une sexualit\u00e9 d\u2019intentions, qui se partage sans se consommer.<\/p>\n\n\n\n<hr class=\"wp-block-separator has-css-opacity\"\/>\n\n\n\n<figure class=\"wp-block-video\"><video controls src=\"http:\/\/helenegugenheim.com\/wp-content\/uploads\/2022\/12\/orgie2-teaser.mp4\"><\/video><\/figure>\n\n\n\n<p class=\"has-small-font-size\">Orgie confin\u00e9e, 22\/01\/2021<br>Enregistrement vid\u00e9o, 20:57 (usage public exclusivement) et 5 captures d&rsquo;\u00e9cran tir\u00e9es en 10x13cm marg\u00e9 <br>Merci \u00e0 l&rsquo;Erosticratie et \u00e0 David Pomlait pour la musique et les sons additionnels.<\/p>\n\n\n\n<hr class=\"wp-block-separator has-css-opacity\"\/>\n\n\n\n<figure class=\"wp-block-video\"><video controls src=\"http:\/\/helenegugenheim.com\/wp-content\/uploads\/2022\/12\/orgie1-teaser.mp4\"><\/video><\/figure>\n\n\n\n<p class=\"has-small-font-size\">Orgie confin\u00e9e, 04\/12\/2020<br>Enregistrement vid\u00e9o, 25:40 (usage public exclusivement) et 5 captures d&rsquo;\u00e9cran tir\u00e9es en 10x13cm marg\u00e9 <br>Merci \u00e0 l&rsquo;Erosticratie et \u00e0 David Pomlait pour la musique et les sons additionnels.<\/p>\n","protected":false},"excerpt":{"rendered":"<p>[avertissement : sexualit\u00e9, nudit\u00e9] Dispositif de sexualit\u00e9 collective pour temps de pand\u00e9mie. Les Orgies confin\u00e9es d\u00e9placent certains motifs de la sexualit\u00e9\u00a0: le r\u00f4le de la voyeureuse, la mise en sc\u00e8ne de soi, la cam\u00e9ra comme partenaire, l\u2019orgasme comme manifestation parmi d\u2019autres, la masturbation comme pratique collective, la sexualit\u00e9 comme exp\u00e9rience explicitement construite, etc. C\u2019est une &hellip; <a href=\"https:\/\/helenegugenheim.com\/?page_id=4961\" class=\"more-link\">Continuer la lecture de <span class=\"screen-reader-text\">Les Orgies confin\u00e9es<\/span><\/a><\/p>\n","protected":false},"author":1,"featured_media":0,"parent":3001,"menu_order":0,"comment_status":"closed","ping_status":"closed","template":"","meta":{"footnotes":""},"class_list":["post-4961","page","type-page","status-publish","hentry"],"_links":{"self":[{"href":"https:\/\/helenegugenheim.com\/index.php?rest_route=\/wp\/v2\/pages\/4961","targetHints":{"allow":["GET"]}}],"collection":[{"href":"https:\/\/helenegugenheim.com\/index.php?rest_route=\/wp\/v2\/pages"}],"about":[{"href":"https:\/\/helenegugenheim.com\/index.php?rest_route=\/wp\/v2\/types\/page"}],"author":[{"embeddable":true,"href":"https:\/\/helenegugenheim.com\/index.php?rest_route=\/wp\/v2\/users\/1"}],"replies":[{"embeddable":true,"href":"https:\/\/helenegugenheim.com\/index.php?rest_route=%2Fwp%2Fv2%2Fcomments&post=4961"}],"version-history":[{"count":17,"href":"https:\/\/helenegugenheim.com\/index.php?rest_route=\/wp\/v2\/pages\/4961\/revisions"}],"predecessor-version":[{"id":5843,"href":"https:\/\/helenegugenheim.com\/index.php?rest_route=\/wp\/v2\/pages\/4961\/revisions\/5843"}],"up":[{"embeddable":true,"href":"https:\/\/helenegugenheim.com\/index.php?rest_route=\/wp\/v2\/pages\/3001"}],"wp:attachment":[{"href":"https:\/\/helenegugenheim.com\/index.php?rest_route=%2Fwp%2Fv2%2Fmedia&parent=4961"}],"curies":[{"name":"wp","href":"https:\/\/api.w.org\/{rel}","templated":true}]}}