{"id":4905,"date":"2021-09-16T10:28:42","date_gmt":"2021-09-16T09:28:42","guid":{"rendered":"http:\/\/helenegugenheim.com\/?page_id=4905"},"modified":"2021-09-16T11:32:11","modified_gmt":"2021-09-16T10:32:11","slug":"manieres-detre-vivant%c2%b7e","status":"publish","type":"page","link":"https:\/\/helenegugenheim.com\/?page_id=4905","title":{"rendered":"Mani\u00e8res d&rsquo;\u00eatre vivant\u00b7e"},"content":{"rendered":"\n<p class=\"has-small-font-size\">Une exposition d&rsquo;H\u00e9l\u00e8ne Gugenheim et de Lucile Olympe Haute. <br>Du 14 mars au 16 mai 2021, galerie Jeune cr\u00e9ation, fondation Fiminco, Romainvile.<br><br>Avec les \u0153uvres de The Coven Intelligence Program (<em><strong>Which Plant Would You Choose <\/strong><\/em> <em><strong>to Teach Ethics to AI? <\/strong><\/em>), Lucille Calmel (<em><strong>l\u2019animalmachine que donc je suis\u2026<\/strong><\/em> ), H\u00e9l\u00e8ne Gugenheim (<strong><em><a href=\"http:\/\/helenegugenheim.com\/?page_id=4763\">Zoochorie<\/a>, <a href=\"http:\/\/helenegugenheim.com\/?page_id=4592\">Terre commune<\/a><\/em><\/strong>), Lucile Olympe Haute (<strong><em>Teaching A Plant The Alphabet, <a href=\"http:\/\/helenegugenheim.com\/?page_id=4592\">Terre commune<\/a><\/em><\/strong>)  <\/p>\n\n\n\n<figure class=\"wp-block-image size-large\"><img loading=\"lazy\" decoding=\"async\" width=\"1024\" height=\"683\" src=\"http:\/\/helenegugenheim.com\/wp-content\/uploads\/2021\/09\/BD_Manieresdetrevivante_vuegenerale-1024x683.jpg\" alt=\"\" class=\"wp-image-4923\" srcset=\"https:\/\/helenegugenheim.com\/wp-content\/uploads\/2021\/09\/BD_Manieresdetrevivante_vuegenerale-1024x683.jpg 1024w, https:\/\/helenegugenheim.com\/wp-content\/uploads\/2021\/09\/BD_Manieresdetrevivante_vuegenerale-300x200.jpg 300w, https:\/\/helenegugenheim.com\/wp-content\/uploads\/2021\/09\/BD_Manieresdetrevivante_vuegenerale-768x513.jpg 768w, https:\/\/helenegugenheim.com\/wp-content\/uploads\/2021\/09\/BD_Manieresdetrevivante_vuegenerale.jpg 1500w\" sizes=\"auto, (max-width: 1024px) 100vw, 1024px\" \/><\/figure>\n\n\n\n<p style=\"font-size:10px\">Vue de l&rsquo;exposition \u00e0 la galerie Jeune cr\u00e9ation, fondation Fiminco, Romainville. Photo : Mathilde Cuvelier<\/p>\n\n\n\n<p class=\"has-small-font-size\">\nNous voulons changer le monde. \n<\/p>\n\n\n\n<p class=\"has-small-font-size\">Les\n\u0153uvres r\u00e9unies ici cherchent, chacune \u00e0 leur fa\u00e7on, \u00e0 favoriser\nla <strong>rencontre avec des formes\nvivantes non humaines<\/strong>, v\u00e9g\u00e9tales\nou animales, en toute humilit\u00e9, et sans ignorer les aspects\ntechnologiques intriqu\u00e9s \u00e0 nos modalit\u00e9s d\u2019\u00eatre. \n<\/p>\n\n\n\n<p class=\"has-small-font-size\">Nous\nnous effor\u00e7ons de penser et agir \u00e0 l&rsquo;\u00e9chelle la plus concr\u00e8te\npossible. Par exemple : la jardini\u00e8re, la maison, le territoire\narpent\u00e9. Nous faisons et nous r\u00eavons dans le m\u00eame mouvement. Nous\nprenons soin aujourd&rsquo;hui de ce qui parle d\u00e9j\u00e0 du possible pour\nlequel nous r\u00e9sistons. \n<\/p>\n\n\n\n<p class=\"has-small-font-size\">Dans\nnos modes de vie industriels, nous regrettons l&rsquo;amputation de\nspiritualit\u00e9. Nous comprenons qu&rsquo;une pens\u00e9e (religion, science) a\nautoris\u00e9 cela en qualifiant de \u00ab\u00a0ressources naturelles\u00a0\u00bb des\n\u00e9cosyst\u00e8mes vivants dont nous sommes partie prenante. Alors que\nnous prenons conscience et assumons notre part de la responsabilit\u00e9\ncollective dans les mutations \u00e9cologiques globales, que nous\ncomprenons le contexte contraint dans lequel nous \u00e9voluons\nd\u00e9sormais, nous cherchons une perspective pour ne pas \u00e9touffer mais\npour engager un mouvement, danser, esquisser ou consolider des\ninitiatives et utopies soci\u00e9tales collectives, attentives,\nsoigneuses de leurs moyens. \n<\/p>\n\n\n\n<p class=\"has-small-font-size\">Nous souhaitons faire de la place \u00e0 d\u2019autres r\u00e9cits et exp\u00e9riences du monde dans lequel nous vivons, d\u2019autres <em>Mani\u00e8res d\u2019\u00eatre vivant\u00b7es<\/em>*. <strong>Nous sommes toutes du compost<\/strong>, des humaines-colonies (de bact\u00e9ries), cyborg (augment\u00e9es de proth\u00e8ses \u00e9lectroniques et d\u2019appendices chimiques), s\u00e9diment\u00e9es de fiction, d&rsquo;image et de code (g\u00e9n\u00e9tique, informatique). Nous revendiquons nos parent\u00e9s vis-\u00e0-vis des esp\u00e8ces compagnes, des aliens famili\u00e8res, de l&rsquo;humus et des bact\u00e9ries.<\/p>\n\n\n\n<p class=\"has-small-font-size\">H\u00e9l\u00e8ne Gugenheim et Lucile Olympe Haute<\/p>\n\n\n\n<p style=\"font-size:10px\">*\ncitation emprunt\u00e9e \u00e0 Baptiste Morizot (Actes sud, 2020). \n<\/p>\n","protected":false},"excerpt":{"rendered":"<p>Une exposition d&rsquo;H\u00e9l\u00e8ne Gugenheim et de Lucile Olympe Haute. Du 14 mars au 16 mai 2021, galerie Jeune cr\u00e9ation, fondation Fiminco, Romainvile. Avec les \u0153uvres de The Coven Intelligence Program (Which Plant Would You Choose to Teach Ethics to AI? ), Lucille Calmel (l\u2019animalmachine que donc je suis\u2026 ), H\u00e9l\u00e8ne Gugenheim (Zoochorie, Terre commune), Lucile &hellip; <a href=\"https:\/\/helenegugenheim.com\/?page_id=4905\" class=\"more-link\">Continuer la lecture de <span class=\"screen-reader-text\">Mani\u00e8res d&rsquo;\u00eatre vivant\u00b7e<\/span><\/a><\/p>\n","protected":false},"author":1,"featured_media":0,"parent":0,"menu_order":0,"comment_status":"closed","ping_status":"closed","template":"","meta":{"footnotes":""},"class_list":["post-4905","page","type-page","status-publish","hentry"],"_links":{"self":[{"href":"https:\/\/helenegugenheim.com\/index.php?rest_route=\/wp\/v2\/pages\/4905","targetHints":{"allow":["GET"]}}],"collection":[{"href":"https:\/\/helenegugenheim.com\/index.php?rest_route=\/wp\/v2\/pages"}],"about":[{"href":"https:\/\/helenegugenheim.com\/index.php?rest_route=\/wp\/v2\/types\/page"}],"author":[{"embeddable":true,"href":"https:\/\/helenegugenheim.com\/index.php?rest_route=\/wp\/v2\/users\/1"}],"replies":[{"embeddable":true,"href":"https:\/\/helenegugenheim.com\/index.php?rest_route=%2Fwp%2Fv2%2Fcomments&post=4905"}],"version-history":[{"count":9,"href":"https:\/\/helenegugenheim.com\/index.php?rest_route=\/wp\/v2\/pages\/4905\/revisions"}],"predecessor-version":[{"id":4935,"href":"https:\/\/helenegugenheim.com\/index.php?rest_route=\/wp\/v2\/pages\/4905\/revisions\/4935"}],"wp:attachment":[{"href":"https:\/\/helenegugenheim.com\/index.php?rest_route=%2Fwp%2Fv2%2Fmedia&parent=4905"}],"curies":[{"name":"wp","href":"https:\/\/api.w.org\/{rel}","templated":true}]}}