{"id":4763,"date":"2021-05-14T18:36:03","date_gmt":"2021-05-14T17:36:03","guid":{"rendered":"http:\/\/helenegugenheim.com\/?page_id=4763"},"modified":"2024-12-29T17:02:59","modified_gmt":"2024-12-29T16:02:59","slug":"zoochorie","status":"publish","type":"page","link":"https:\/\/helenegugenheim.com\/?page_id=4763","title":{"rendered":"Zoochorie"},"content":{"rendered":"\n<p class=\"has-small-font-size\">Prendre ce qui a \u00e9t\u00e9 un \u00ab\u00a0rat\u00e9\u00a0\u00bb et accomplir la zoochorie (ph\u00e9nom\u00e8ne par lequel les animaux accrochent les graines qu&rsquo;ils participent \u00e0 diss\u00e9miner dans l&rsquo;environnement). En parall\u00e8le, 899 images documentant les deux ans et demi de r\u00e9alisation du processus initial : <a href=\"http:\/\/helenegugenheim.com\/?page_id=4346\" data-type=\"page\" data-id=\"4346\">Les rat\u00e9 (ce qu\u2019on transporte avec soi) <\/a><\/p>\n\n\n\n<figure class=\"wp-block-image size-large\"><img loading=\"lazy\" decoding=\"async\" width=\"1000\" height=\"667\" src=\"http:\/\/helenegugenheim.com\/wp-content\/uploads\/2021\/05\/Manieredetrevivants_25.jpg\" alt=\"\" class=\"wp-image-4766\" srcset=\"https:\/\/helenegugenheim.com\/wp-content\/uploads\/2021\/05\/Manieredetrevivants_25.jpg 1000w, https:\/\/helenegugenheim.com\/wp-content\/uploads\/2021\/05\/Manieredetrevivants_25-300x200.jpg 300w, https:\/\/helenegugenheim.com\/wp-content\/uploads\/2021\/05\/Manieredetrevivants_25-768x512.jpg 768w\" sizes=\"auto, (max-width: 1000px) 100vw, 1000px\" \/><\/figure>\n\n\n\n<figure class=\"wp-block-gallery has-nested-images columns-default is-cropped wp-block-gallery-1 is-layout-flex wp-block-gallery-is-layout-flex\">\n<figure class=\"wp-block-image size-large\"><a href=\"http:\/\/helenegugenheim.com\/wp-content\/uploads\/2021\/05\/Manieredetrevivants_15-1.jpg\"><img loading=\"lazy\" decoding=\"async\" width=\"1000\" height=\"667\" data-id=\"4765\" src=\"http:\/\/helenegugenheim.com\/wp-content\/uploads\/2021\/05\/Manieredetrevivants_15-1.jpg\" alt=\"\" class=\"wp-image-4765\" srcset=\"https:\/\/helenegugenheim.com\/wp-content\/uploads\/2021\/05\/Manieredetrevivants_15-1.jpg 1000w, https:\/\/helenegugenheim.com\/wp-content\/uploads\/2021\/05\/Manieredetrevivants_15-1-300x200.jpg 300w, https:\/\/helenegugenheim.com\/wp-content\/uploads\/2021\/05\/Manieredetrevivants_15-1-768x512.jpg 768w\" sizes=\"auto, (max-width: 1000px) 100vw, 1000px\" \/><\/a><\/figure>\n\n\n\n<figure class=\"wp-block-image size-large\"><a href=\"http:\/\/helenegugenheim.com\/wp-content\/uploads\/2021\/09\/BD_Manieresdetrevivante_vuegenerale.jpg\"><img loading=\"lazy\" decoding=\"async\" width=\"1024\" height=\"683\" data-id=\"4923\" src=\"http:\/\/helenegugenheim.com\/wp-content\/uploads\/2021\/09\/BD_Manieresdetrevivante_vuegenerale-1024x683.jpg\" alt=\"\" class=\"wp-image-4923\" srcset=\"https:\/\/helenegugenheim.com\/wp-content\/uploads\/2021\/09\/BD_Manieresdetrevivante_vuegenerale-1024x683.jpg 1024w, https:\/\/helenegugenheim.com\/wp-content\/uploads\/2021\/09\/BD_Manieresdetrevivante_vuegenerale-300x200.jpg 300w, https:\/\/helenegugenheim.com\/wp-content\/uploads\/2021\/09\/BD_Manieresdetrevivante_vuegenerale-768x513.jpg 768w, https:\/\/helenegugenheim.com\/wp-content\/uploads\/2021\/09\/BD_Manieresdetrevivante_vuegenerale.jpg 1500w\" sizes=\"auto, (max-width: 1024px) 100vw, 1024px\" \/><\/a><\/figure>\n<\/figure>\n\n\n\n<p style=\"font-size:10px\">Zoochorie, installation dans l&rsquo;exposition <em>Mani\u00e8res d&rsquo;\u00eatre vivant<\/em>\u00b7<em>es<\/em>, mai 2021, galerie Jeune cr\u00e9ation, Romainville. Photos : Mathilde Cuvelier<\/p>\n","protected":false},"excerpt":{"rendered":"<p>Prendre ce qui a \u00e9t\u00e9 un \u00ab\u00a0rat\u00e9\u00a0\u00bb et accomplir la zoochorie (ph\u00e9nom\u00e8ne par lequel les animaux accrochent les graines qu&rsquo;ils participent \u00e0 diss\u00e9miner dans l&rsquo;environnement). En parall\u00e8le, 899 images documentant les deux ans et demi de r\u00e9alisation du processus initial : Les rat\u00e9 (ce qu\u2019on transporte avec soi) Zoochorie, installation dans l&rsquo;exposition Mani\u00e8res d&rsquo;\u00eatre vivant\u00b7es, &hellip; <a href=\"https:\/\/helenegugenheim.com\/?page_id=4763\" class=\"more-link\">Continuer la lecture de <span class=\"screen-reader-text\">Zoochorie<\/span><\/a><\/p>\n","protected":false},"author":1,"featured_media":0,"parent":3001,"menu_order":0,"comment_status":"closed","ping_status":"closed","template":"","meta":{"footnotes":""},"class_list":["post-4763","page","type-page","status-publish","hentry"],"_links":{"self":[{"href":"https:\/\/helenegugenheim.com\/index.php?rest_route=\/wp\/v2\/pages\/4763","targetHints":{"allow":["GET"]}}],"collection":[{"href":"https:\/\/helenegugenheim.com\/index.php?rest_route=\/wp\/v2\/pages"}],"about":[{"href":"https:\/\/helenegugenheim.com\/index.php?rest_route=\/wp\/v2\/types\/page"}],"author":[{"embeddable":true,"href":"https:\/\/helenegugenheim.com\/index.php?rest_route=\/wp\/v2\/users\/1"}],"replies":[{"embeddable":true,"href":"https:\/\/helenegugenheim.com\/index.php?rest_route=%2Fwp%2Fv2%2Fcomments&post=4763"}],"version-history":[{"count":16,"href":"https:\/\/helenegugenheim.com\/index.php?rest_route=\/wp\/v2\/pages\/4763\/revisions"}],"predecessor-version":[{"id":5955,"href":"https:\/\/helenegugenheim.com\/index.php?rest_route=\/wp\/v2\/pages\/4763\/revisions\/5955"}],"up":[{"embeddable":true,"href":"https:\/\/helenegugenheim.com\/index.php?rest_route=\/wp\/v2\/pages\/3001"}],"wp:attachment":[{"href":"https:\/\/helenegugenheim.com\/index.php?rest_route=%2Fwp%2Fv2%2Fmedia&parent=4763"}],"curies":[{"name":"wp","href":"https:\/\/api.w.org\/{rel}","templated":true}]}}