{"id":4592,"date":"2020-12-01T11:12:57","date_gmt":"2020-12-01T10:12:57","guid":{"rendered":"http:\/\/helenegugenheim.com\/?page_id=4592"},"modified":"2024-12-28T17:41:56","modified_gmt":"2024-12-28T16:41:56","slug":"terre-commune","status":"publish","type":"page","link":"https:\/\/helenegugenheim.com\/?page_id=4592","title":{"rendered":"Terre commune"},"content":{"rendered":"\n<p class=\"has-small-font-size\"><strong>Terre commune (passer par le feu)<\/strong><br>\u00ab\u00a0Le 30 avril 2021, ce sera Beltaine. La lumi\u00e8re revenue commence \u00e0 monter  vers le c\u0153ur br\u00fblant de l\u2019\u00e9t\u00e9 et nous, animaux humains plantes, retrouvons les plaisirs ext\u00e9rieurs, le go\u00fbt des autres. Une infinit\u00e9  d\u2019esp\u00e8ces se r\u00e9veillent. C\u2019est le retour du grand m\u00e9lange o\u00f9 coexistent  toutes les intentions. Tu \u00e9criras \u00e0 m\u00eame ta peau ce que tu  souhaites garder avec toi pour traverser le tourbillon des grands \u00e9changes qui viennent. Trace ce mot, ce nom, cette limite, ce talisman  sur ta peau. Viens aussi avec une terre qui compte pour toi pour  la m\u00e9langer \u00e0 la <em>Terre Commune<\/em>. Nos langues feront \u00e9cho les unes aux  autres dans une litanie qui sera notre r\u00e9seau (&#8230;)\u00a0\u00bb   <\/p>\n\n\n\n<figure class=\"wp-block-image size-large\"><img loading=\"lazy\" decoding=\"async\" width=\"767\" height=\"1024\" src=\"http:\/\/helenegugenheim.com\/wp-content\/uploads\/2021\/05\/composit-3-767x1024.jpg\" alt=\"\" class=\"wp-image-4801\" srcset=\"https:\/\/helenegugenheim.com\/wp-content\/uploads\/2021\/05\/composit-3-767x1024.jpg 767w, https:\/\/helenegugenheim.com\/wp-content\/uploads\/2021\/05\/composit-3-225x300.jpg 225w, https:\/\/helenegugenheim.com\/wp-content\/uploads\/2021\/05\/composit-3-768x1025.jpg 768w, https:\/\/helenegugenheim.com\/wp-content\/uploads\/2021\/05\/composit-3.jpg 1000w\" sizes=\"auto, (max-width: 767px) 100vw, 767px\" \/><\/figure>\n\n\n\n<p style=\"font-size:10px\">Terre commune (passer par le feu),  rituel cr\u00e9\u00e9 avec Lucile Olympe Haute, nappe sonore Fabrice J\u00fcnger (fl\u00fbtes traversi\u00e8re et fl\u00fbte basse), 30 avril 2021, galerie Les Limbes Saint-\u00c9tienne. Images : Zana Riazi.     <\/p>\n\n\n\n<p class=\"has-small-font-size\"><strong>Terre commune (sortie de dormance)<\/strong><br>\u00ab\u00a0Le 19 mars 2021, avec un jour d\u2019avance \u00e0 cause du reconfinement en \u00cele de France, ce sera Ostra, l\u2019\u00e9quinoxe de printemps. A nouveau, la dur\u00e9e du jour sera \u00e9gale \u00e0 la dur\u00e9e de la nuit. Quelques jours avant, serons all\u00e9es pr\u00e9lever en for\u00eat de Romainville un peu de notre <em>Terre commune<\/em>. Et maintenant que les crocus s\u2019ouvrent, c\u2019est l\u2019heure de semer et planter dans cette <em>Terre commune<\/em> le monde dont nous avons besoin et envie. Nous accompagnerons nos amies plantes, nous nous r\u00e9veillerons. Nos langues feront \u00e9cho les unes aux autres dans une litanie qui sera notre r\u00e9seau. Viens avec des graines ou des bulbes ou de jeunes pousses \u00e0 repiquer. Tu peux aussi \u2013 si tu le souhaite &#8211; venir offrir encore une terre qui compte pour toi \u00e0 la <em>Terre commune<\/em> (&#8230;)\u00a0\u00bb <\/p>\n\n\n\n<figure class=\"wp-block-image size-large\"><img loading=\"lazy\" decoding=\"async\" width=\"595\" height=\"842\" src=\"http:\/\/helenegugenheim.com\/wp-content\/uploads\/2021\/08\/composit.jpg\" alt=\"\" class=\"wp-image-4828\" srcset=\"https:\/\/helenegugenheim.com\/wp-content\/uploads\/2021\/08\/composit.jpg 595w, https:\/\/helenegugenheim.com\/wp-content\/uploads\/2021\/08\/composit-212x300.jpg 212w\" sizes=\"auto, (max-width: 595px) 100vw, 595px\" \/><\/figure>\n\n\n\n<p style=\"font-size:10px\">Terre commune (sortie de dormance),  rituel cr\u00e9\u00e9 avec Lucile Olympe Haute, nappe sonore Camille Dupeyron (batterie), 19 mars 2021, galerie Jeune cr\u00e9ation Romainville. Images : Lucile Olympe Haute et Christian Mamoun.  <\/p>\n\n\n\n<p class=\"has-small-font-size\"><strong>Terre commune (enfouir)<\/strong> <br>\u00ab\u00a0Le 22 septembre c\u2019est Mabon, l\u2019\u00e9quinoxe d\u2019automne. La dur\u00e9e du jour sera \u00e9gale \u00e0 la dur\u00e9e de la nuit. Ce temps marque la fin des jours clairs et notre entr\u00e9e dans les jours sombres. C\u2019est le temps de confier ce dont nous n\u2019avons plus besoin \u00e0 la <em>Terre commune<\/em>. De faire confiance \u00e0 nos cousines vers de terre pour dig\u00e9rer ce qui ne nous appartient d\u00e9j\u00e0 plus. Viens avec une terre qui compte pour toi, la diseuse de terre t\u2019invitera \u00e0 la m\u00e9langer aux autres et cette terre deviendra une partie de la <em>Terre commune<\/em>. Viens avec quelque chose \u00e0 enfouir\u00a0: un souvenir, quelques mots, un objet&#8230; mais rien de toxique, souviens-toi que notre terre est habit\u00e9e par nos cousines vers de terre. Tu confieras cette chose \u00e0 la terre, tu enl\u00e8veras ton masque une seconde pour cracher. Nous rassemblerons nos langues dans une litanie et ce sera notre cercle (&#8230;)\u00a0\u00bb<\/p>\n\n\n\n<figure class=\"wp-block-embed-wordpress wp-block-embed is-type-wp-embed is-provider-vimeo\"><div class=\"wp-block-embed__wrapper\">\n<div id=\"video-600977868\" class=\"arve-wrapper\" data-arve-mode=\"normal\" data-arve-provider=\"vimeo\" itemscope itemtype=\"http:\/\/schema.org\/VideoObject\"><span class=\"arve-embed-container\"><meta itemprop=\"embedURL\" content=\"https:\/\/player.vimeo.com\/video\/600977868?html5=1&amp;title=1&amp;byline=0&amp;portrait=0&amp;autoplay=0\"><iframe allowfullscreen class=\"arve-iframe fitvidsignore\" frameborder=\"0\" sandbox=\"allow-scripts allow-same-origin allow-popups\" scrolling=\"no\" src=\"https:\/\/player.vimeo.com\/video\/600977868?html5=1&#038;title=1&#038;byline=0&#038;portrait=0&#038;autoplay=0\"><\/iframe><\/span><\/div>\n<\/div><\/figure>\n\n\n\n<p style=\"font-size:10px\"> Terre commune (enfouir),  rituel cr\u00e9\u00e9 avec Lucile Olympe Haute, nappe sonore Th\u00e9o Harfoush (accord\u00e9on), 22 septembre 2020, galerie Thaddaeus Ropac Pantin, Jeune cr\u00e9ation 70. Images : Mathilde Cuvelier et Christian  Mamoun. Merci \u00e0 Alexa Venot et Salom\u00e9 Roth.   <\/p>\n","protected":false},"excerpt":{"rendered":"<p>Terre commune (passer par le feu)\u00ab\u00a0Le 30 avril 2021, ce sera Beltaine. La lumi\u00e8re revenue commence \u00e0 monter vers le c\u0153ur br\u00fblant de l\u2019\u00e9t\u00e9 et nous, animaux humains plantes, retrouvons les plaisirs ext\u00e9rieurs, le go\u00fbt des autres. Une infinit\u00e9 d\u2019esp\u00e8ces se r\u00e9veillent. C\u2019est le retour du grand m\u00e9lange o\u00f9 coexistent toutes les intentions. Tu \u00e9criras &hellip; <a href=\"https:\/\/helenegugenheim.com\/?page_id=4592\" class=\"more-link\">Continuer la lecture de <span class=\"screen-reader-text\">Terre commune<\/span><\/a><\/p>\n","protected":false},"author":1,"featured_media":0,"parent":3001,"menu_order":0,"comment_status":"closed","ping_status":"closed","template":"","meta":{"footnotes":""},"class_list":["post-4592","page","type-page","status-publish","hentry"],"_links":{"self":[{"href":"https:\/\/helenegugenheim.com\/index.php?rest_route=\/wp\/v2\/pages\/4592","targetHints":{"allow":["GET"]}}],"collection":[{"href":"https:\/\/helenegugenheim.com\/index.php?rest_route=\/wp\/v2\/pages"}],"about":[{"href":"https:\/\/helenegugenheim.com\/index.php?rest_route=\/wp\/v2\/types\/page"}],"author":[{"embeddable":true,"href":"https:\/\/helenegugenheim.com\/index.php?rest_route=\/wp\/v2\/users\/1"}],"replies":[{"embeddable":true,"href":"https:\/\/helenegugenheim.com\/index.php?rest_route=%2Fwp%2Fv2%2Fcomments&post=4592"}],"version-history":[{"count":27,"href":"https:\/\/helenegugenheim.com\/index.php?rest_route=\/wp\/v2\/pages\/4592\/revisions"}],"predecessor-version":[{"id":5906,"href":"https:\/\/helenegugenheim.com\/index.php?rest_route=\/wp\/v2\/pages\/4592\/revisions\/5906"}],"up":[{"embeddable":true,"href":"https:\/\/helenegugenheim.com\/index.php?rest_route=\/wp\/v2\/pages\/3001"}],"wp:attachment":[{"href":"https:\/\/helenegugenheim.com\/index.php?rest_route=%2Fwp%2Fv2%2Fmedia&parent=4592"}],"curies":[{"name":"wp","href":"https:\/\/api.w.org\/{rel}","templated":true}]}}