{"id":4376,"date":"2020-05-19T18:42:38","date_gmt":"2020-05-19T17:42:38","guid":{"rendered":"http:\/\/helenegugenheim.com\/?page_id=4376"},"modified":"2024-11-10T12:26:54","modified_gmt":"2024-11-10T11:26:54","slug":"ici-vivent-les-dragons","status":"publish","type":"page","link":"https:\/\/helenegugenheim.com\/?page_id=4376","title":{"rendered":"Ici vivent les dragons"},"content":{"rendered":"\n<p>Une demie vie \u00e9tait pass\u00e9e d\u00e9j\u00e0.<br><br>J&rsquo;avais us\u00e9 les bancs des \u00e9coles, les tabourets des bars, yeux, foie, les fauteuils de bureau, patience, les housses de canap\u00e9, je m&rsquo;\u00e9tais lev\u00e9e, j&rsquo;avais parcouru des rues, des montagnes et des champs, effleur\u00e9 des pays, pris des voitures, des bateaux, des avions, j&rsquo;avais fouill\u00e9 les marges, go\u00fbt\u00e9 au luxe comme \u00e0 la pauvret\u00e9, d\u00e9moli tout ce que j&rsquo;avais, des kilom\u00e8tres de cha\u00eenes et boulets, nom pr\u00e9nom carte d&rsquo;identit\u00e9, risqu\u00e9 des amiti\u00e9s, perdu souvent, pleur\u00e9, pleur\u00e9, j&rsquo;avais aim\u00e9, je m&rsquo;\u00e9tais tromp\u00e9e, j&rsquo;avais aim\u00e9 encore, j&rsquo;avais r\u00eav\u00e9, fait des tas de projets, essay\u00e9, perdu, perdu, perdu, je m&rsquo;\u00e9tais relev\u00e9e, j&rsquo;avais d\u00e9sir\u00e9 encore plus fort, \u00e9chou\u00e9 encore plus fort, un pied devant l&rsquo;autre, je marchais encore alors, j&rsquo;avais retravers\u00e9 cette chienne de ville pour rejoindre, au port, un entrep\u00f4t dont on racontait, qu&rsquo;au d\u00e9chargement des navires, il mutait en chambre des merveilles.<br><br>J&rsquo;y croyais, mollement. Mais j\u2019esp\u00e9rais y d\u00e9nicher un os \u00e0 ronger, quelques couleurs, de quoi assaisonner le long \u00e9coulement des jours et peut-\u00eatre draguer, deux ou trois caresses \u00e0 emporter.<br><br>Je m&rsquo;ennuyais.<br><br>C&rsquo;est que, d\u00e9soss\u00e9s sur le march\u00e9 de l&rsquo;art, les vieux tr\u00e9sors princiers avaient abandonn\u00e9 le merveilleux aux portes des mus\u00e9es, et les cornes de licorne, une fois r\u00e9int\u00e9gr\u00e9e la bouche des narvals, n&rsquo;avaient plus jamais gu\u00e9ri personne.<br><br>Voil\u00e0.<br><br>La gu\u00e9rison est devenue la m\u00e9decine, une bourse dans la chimie, l&rsquo;autre dans la boucherie. Tous les savoir-faire ont \u00e9t\u00e9 traduits en formules inscrites dans les m\u00eames feuilles de calcul que des valeurs d&rsquo;assurance et des masses salariales auxquelles il faut toujours soustraire au moins quelques minutes de pause pipi car il y a des stocks \u00e0 \u00e9puiser, de gros volumes de parapluies, de machines \u00e0 coudre et d&rsquo;enfants, des usagers, des d\u00e9chets, des t\u00e9l\u00e9phones, des administr\u00e9s, des colonnes de chiffres incantatoires qui aplatissent le vivant entre l&rsquo;abscisse et l&rsquo;ordonn\u00e9e, en pressurent la s\u00e8ve qui \u00e9coule son jus noir jusqu&rsquo;au fond infracassable des oc\u00e9ans.<br><em>Hic Sunt Dracones<\/em>, indiquaient en latin les anciennes cartes pour d\u00e9signer ces territoires, toujours inexplor\u00e9s.<br><br>[&#8230;]<\/p>\n\n\n\n<p class=\"has-small-font-size\">R\u00e9cit-po\u00e8me en qu\u00eate d&rsquo;une \u00e9diteurice, 2020, 178 pages<br><\/p>\n","protected":false},"excerpt":{"rendered":"<p>Une demie vie \u00e9tait pass\u00e9e d\u00e9j\u00e0. J&rsquo;avais us\u00e9 les bancs des \u00e9coles, les tabourets des bars, yeux, foie, les fauteuils de bureau, patience, les housses de canap\u00e9, je m&rsquo;\u00e9tais lev\u00e9e, j&rsquo;avais parcouru des rues, des montagnes et des champs, effleur\u00e9 des pays, pris des voitures, des bateaux, des avions, j&rsquo;avais fouill\u00e9 les marges, go\u00fbt\u00e9 au &hellip; <a href=\"https:\/\/helenegugenheim.com\/?page_id=4376\" class=\"more-link\">Continuer la lecture de <span class=\"screen-reader-text\">Ici vivent les dragons<\/span><\/a><\/p>\n","protected":false},"author":1,"featured_media":0,"parent":3301,"menu_order":0,"comment_status":"closed","ping_status":"closed","template":"","meta":{"footnotes":""},"class_list":["post-4376","page","type-page","status-publish","hentry"],"_links":{"self":[{"href":"https:\/\/helenegugenheim.com\/index.php?rest_route=\/wp\/v2\/pages\/4376","targetHints":{"allow":["GET"]}}],"collection":[{"href":"https:\/\/helenegugenheim.com\/index.php?rest_route=\/wp\/v2\/pages"}],"about":[{"href":"https:\/\/helenegugenheim.com\/index.php?rest_route=\/wp\/v2\/types\/page"}],"author":[{"embeddable":true,"href":"https:\/\/helenegugenheim.com\/index.php?rest_route=\/wp\/v2\/users\/1"}],"replies":[{"embeddable":true,"href":"https:\/\/helenegugenheim.com\/index.php?rest_route=%2Fwp%2Fv2%2Fcomments&post=4376"}],"version-history":[{"count":33,"href":"https:\/\/helenegugenheim.com\/index.php?rest_route=\/wp\/v2\/pages\/4376\/revisions"}],"predecessor-version":[{"id":5803,"href":"https:\/\/helenegugenheim.com\/index.php?rest_route=\/wp\/v2\/pages\/4376\/revisions\/5803"}],"up":[{"embeddable":true,"href":"https:\/\/helenegugenheim.com\/index.php?rest_route=\/wp\/v2\/pages\/3301"}],"wp:attachment":[{"href":"https:\/\/helenegugenheim.com\/index.php?rest_route=%2Fwp%2Fv2%2Fmedia&parent=4376"}],"curies":[{"name":"wp","href":"https:\/\/api.w.org\/{rel}","templated":true}]}}