{"id":3305,"date":"2020-03-06T17:36:11","date_gmt":"2020-03-06T16:36:11","guid":{"rendered":"http:\/\/helenegugenheim.com\/?page_id=3305"},"modified":"2024-02-24T14:13:39","modified_gmt":"2024-02-24T13:13:39","slug":"nuits","status":"publish","type":"page","link":"https:\/\/helenegugenheim.com\/?page_id=3305","title":{"rendered":"Nuits"},"content":{"rendered":"\n<p class=\"has-drop-cap\">C&rsquo;\u00e9tait un paysage ingrat o\u00f9 l&rsquo;herbe poussait folle. Seule, une broussaille \u00e9pineuse s&rsquo;y multipliait, dissimulant, non sans malveillance, l&rsquo;\u00e0-pic de la roche qui se d\u00e9robait brusquement, pour plonger quelques centaines de m\u00e8tres plus bas, dans les profondeurs mouvantes et glac\u00e9es de l&rsquo;oc\u00e9an.<br> Sur cette longue langue inhospitali\u00e8re, le jour ne r\u00e9v\u00e9lait nulle \u00e2me qui vive. Mais, lorsque la nuit tombait, noire et \u00e9paisse comme l&rsquo;encre de seiche, un chat errant et fam\u00e9lique e\u00fbt su distinguer l&rsquo;inqui\u00e9tante course d&rsquo;un cavalier sans t\u00eate.<br> [&#8230;]<\/p>\n\n\n\n<p class=\"has-small-font-size\">R\u00e9cit-po\u00e8me en qu\u00eate d&rsquo;\u00e9diteurice, 2014, 73 pages. <br><\/p>\n","protected":false},"excerpt":{"rendered":"<p>C&rsquo;\u00e9tait un paysage ingrat o\u00f9 l&rsquo;herbe poussait folle. Seule, une broussaille \u00e9pineuse s&rsquo;y multipliait, dissimulant, non sans malveillance, l&rsquo;\u00e0-pic de la roche qui se d\u00e9robait brusquement, pour plonger quelques centaines de m\u00e8tres plus bas, dans les profondeurs mouvantes et glac\u00e9es de l&rsquo;oc\u00e9an. Sur cette longue langue inhospitali\u00e8re, le jour ne r\u00e9v\u00e9lait nulle \u00e2me qui vive. &hellip; <a href=\"https:\/\/helenegugenheim.com\/?page_id=3305\" class=\"more-link\">Continuer la lecture de <span class=\"screen-reader-text\">Nuits<\/span><\/a><\/p>\n","protected":false},"author":1,"featured_media":0,"parent":3301,"menu_order":0,"comment_status":"closed","ping_status":"closed","template":"","meta":{"footnotes":""},"class_list":["post-3305","page","type-page","status-publish","hentry"],"_links":{"self":[{"href":"https:\/\/helenegugenheim.com\/index.php?rest_route=\/wp\/v2\/pages\/3305","targetHints":{"allow":["GET"]}}],"collection":[{"href":"https:\/\/helenegugenheim.com\/index.php?rest_route=\/wp\/v2\/pages"}],"about":[{"href":"https:\/\/helenegugenheim.com\/index.php?rest_route=\/wp\/v2\/types\/page"}],"author":[{"embeddable":true,"href":"https:\/\/helenegugenheim.com\/index.php?rest_route=\/wp\/v2\/users\/1"}],"replies":[{"embeddable":true,"href":"https:\/\/helenegugenheim.com\/index.php?rest_route=%2Fwp%2Fv2%2Fcomments&post=3305"}],"version-history":[{"count":6,"href":"https:\/\/helenegugenheim.com\/index.php?rest_route=\/wp\/v2\/pages\/3305\/revisions"}],"predecessor-version":[{"id":5727,"href":"https:\/\/helenegugenheim.com\/index.php?rest_route=\/wp\/v2\/pages\/3305\/revisions\/5727"}],"up":[{"embeddable":true,"href":"https:\/\/helenegugenheim.com\/index.php?rest_route=\/wp\/v2\/pages\/3301"}],"wp:attachment":[{"href":"https:\/\/helenegugenheim.com\/index.php?rest_route=%2Fwp%2Fv2%2Fmedia&parent=3305"}],"curies":[{"name":"wp","href":"https:\/\/api.w.org\/{rel}","templated":true}]}}