{"id":3301,"date":"2020-03-06T17:32:38","date_gmt":"2020-03-06T16:32:38","guid":{"rendered":"http:\/\/helenegugenheim.com\/?page_id=3301"},"modified":"2026-04-01T11:29:05","modified_gmt":"2026-04-01T10:29:05","slug":"ecrits","status":"publish","type":"page","link":"https:\/\/helenegugenheim.com\/?page_id=3301","title":{"rendered":"Ecrits"},"content":{"rendered":"\n<div class=\"wp-block-columns are-vertically-aligned-top is-layout-flex wp-container-core-columns-is-layout-9d6595d7 wp-block-columns-is-layout-flex\">\n<div class=\"wp-block-column is-vertically-aligned-top is-layout-flow wp-block-column-is-layout-flow\">\n<p class=\"has-text-align-center has-dark-gray-color has-text-color has-background has-link-color wp-elements-16f718a5d4d9c53d8f7b6c3f378d7d41\" style=\"background-color:#c9fb00;font-size:16px\"><a href=\"http:\/\/helenegugenheim.com\/?page_id=5766\" data-type=\"page\" data-id=\"5766\">[art] L\u2019artiste comme proth\u00e9siste<\/a><\/p>\n\n\n\n<p class=\"has-text-align-center has-dark-gray-color has-text-color has-background has-link-color wp-elements-93a3b7d662f7a0217fd5ae25f1e6b392\" style=\"background-color:#a9fa06;font-size:16px\">[art et soci\u00e9t\u00e9] <a href=\"https:\/\/helenegugenheim.com\/?page_id=6455\" data-type=\"page\" data-id=\"6455\">Sans terre<\/a><\/p>\n\n\n\n<p class=\"has-text-align-center has-dark-gray-color has-text-color has-background has-link-color wp-elements-aa3d09ef07e7a7b1ca5874b12fe3cd13\" style=\"background-color:#a1f668;font-size:16px\">[soci\u00e9t\u00e9] <a href=\"http:\/\/helenegugenheim.com\/?page_id=4880\" data-type=\"page\" data-id=\"4880\">Prendre le pouvoir<\/a><\/p>\n\n\n\n<p class=\"has-dark-gray-color has-text-color has-background has-link-color wp-elements-a7d5f2b0c8ddbf28b7444cf1c05bd860\" style=\"background-color:#6afde4;font-size:16px\"><a href=\"https:\/\/helenegugenheim.com\/?p=5007\" data-type=\"post\" data-id=\"5007\">[sexe] L&rsquo;infracassable noyau de nuit (soi-disant) 1\/2<\/a><\/p>\n\n\n\n<p class=\"has-text-align-center has-dark-gray-color has-text-color has-background has-link-color wp-elements-164c0962b15085cbf29a208345d68b78\" style=\"background-color:#6afde4;font-size:16px\"><a href=\"https:\/\/helenegugenheim.com\/?p=5060\" data-type=\"post\" data-id=\"5060\">[sexe] Des pratiques sexuelles politiquement signifiantes 2\/2<\/a><\/p>\n<\/div>\n\n\n\n<div class=\"wp-block-column is-vertically-aligned-top is-layout-flow wp-block-column-is-layout-flow\">\n<p class=\"has-text-align-center has-dark-purple-color has-text-color has-background has-link-color wp-elements-87b54765c17a43569148877a0abea56f\" style=\"background-color:#3903e7;font-size:16px\"><a href=\"http:\/\/helenegugenheim.com\/?page_id=4376\"><mark style=\"background-color:rgba(0, 0, 0, 0)\" class=\"has-inline-color has-light-gray-color\">Ici vivent les dragons<\/mark><\/a><\/p>\n\n\n\n<p class=\"has-text-align-center has-white-color has-text-color has-background\" style=\"background-color:#1b034c;font-size:16px\"><a href=\"http:\/\/helenegugenheim.com\/?page_id=3305\"><mark style=\"background-color:rgba(0, 0, 0, 0)\" class=\"has-inline-color has-light-gray-color\">Nuits<\/mark><\/a><\/p>\n\n\n\n<p class=\"has-text-align-center has-light-gray-color has-text-color has-background\" style=\"background-color:#ff1333;font-size:16px\"><a href=\"http:\/\/helenegugenheim.com\/?page_id=5086\"><mark style=\"background-color:rgba(0, 0, 0, 0)\" class=\"has-inline-color has-light-gray-color\">Ruptures<\/mark><\/a><\/p>\n\n\n\n<p class=\"has-text-align-center has-light-pink-color has-text-color has-background\" style=\"background-color:#81064e;font-size:16px\"><a href=\"http:\/\/helenegugenheim.com\/?page_id=3417\"><mark style=\"background-color:rgba(0, 0, 0, 0)\" class=\"has-inline-color has-light-gray-color\">L&rsquo;ennui<\/mark><\/a><\/p>\n<\/div>\n<\/div>\n","protected":false},"excerpt":{"rendered":"<p>[art] L\u2019artiste comme proth\u00e9siste [art et soci\u00e9t\u00e9] Sans terre [soci\u00e9t\u00e9] Prendre le pouvoir [sexe] L&rsquo;infracassable noyau de nuit (soi-disant) 1\/2 [sexe] Des pratiques sexuelles politiquement signifiantes 2\/2 Ici vivent les dragons Nuits Ruptures L&rsquo;ennui<\/p>\n","protected":false},"author":1,"featured_media":0,"parent":0,"menu_order":0,"comment_status":"closed","ping_status":"closed","template":"","meta":{"footnotes":""},"class_list":["post-3301","page","type-page","status-publish","hentry"],"_links":{"self":[{"href":"https:\/\/helenegugenheim.com\/index.php?rest_route=\/wp\/v2\/pages\/3301","targetHints":{"allow":["GET"]}}],"collection":[{"href":"https:\/\/helenegugenheim.com\/index.php?rest_route=\/wp\/v2\/pages"}],"about":[{"href":"https:\/\/helenegugenheim.com\/index.php?rest_route=\/wp\/v2\/types\/page"}],"author":[{"embeddable":true,"href":"https:\/\/helenegugenheim.com\/index.php?rest_route=\/wp\/v2\/users\/1"}],"replies":[{"embeddable":true,"href":"https:\/\/helenegugenheim.com\/index.php?rest_route=%2Fwp%2Fv2%2Fcomments&post=3301"}],"version-history":[{"count":97,"href":"https:\/\/helenegugenheim.com\/index.php?rest_route=\/wp\/v2\/pages\/3301\/revisions"}],"predecessor-version":[{"id":6459,"href":"https:\/\/helenegugenheim.com\/index.php?rest_route=\/wp\/v2\/pages\/3301\/revisions\/6459"}],"wp:attachment":[{"href":"https:\/\/helenegugenheim.com\/index.php?rest_route=%2Fwp%2Fv2%2Fmedia&parent=3301"}],"curies":[{"name":"wp","href":"https:\/\/api.w.org\/{rel}","templated":true}]}}