{"id":3059,"date":"2020-03-04T15:07:28","date_gmt":"2020-03-04T14:07:28","guid":{"rendered":"http:\/\/helenegugenheim.com\/?page_id=3059"},"modified":"2024-12-28T17:55:28","modified_gmt":"2024-12-28T16:55:28","slug":"les-invite-e-s","status":"publish","type":"page","link":"https:\/\/helenegugenheim.com\/?page_id=3059","title":{"rendered":"Les invit\u00b7\u00e9es"},"content":{"rendered":"\n<p class=\"has-small-font-size\">Un personnage sans visage invite le public \u00e0 s\u2019enfoncer dans le ventre de la mati\u00e8re noire<\/p>\n\n\n\n<figure class=\"wp-block-image size-large\"><img loading=\"lazy\" decoding=\"async\" width=\"1024\" height=\"683\" src=\"http:\/\/helenegugenheim.com\/wp-content\/uploads\/2020\/02\/tonightgoodnight-michelCavalca2-1024x683.jpg\" alt=\"\" class=\"wp-image-2987\" srcset=\"https:\/\/helenegugenheim.com\/wp-content\/uploads\/2020\/02\/tonightgoodnight-michelCavalca2-1024x683.jpg 1024w, https:\/\/helenegugenheim.com\/wp-content\/uploads\/2020\/02\/tonightgoodnight-michelCavalca2-300x200.jpg 300w, https:\/\/helenegugenheim.com\/wp-content\/uploads\/2020\/02\/tonightgoodnight-michelCavalca2-768x512.jpg 768w, https:\/\/helenegugenheim.com\/wp-content\/uploads\/2020\/02\/tonightgoodnight-michelCavalca2-1536x1024.jpg 1536w, https:\/\/helenegugenheim.com\/wp-content\/uploads\/2020\/02\/tonightgoodnight-michelCavalca2.jpg 2048w\" sizes=\"auto, (max-width: 1024px) 100vw, 1024px\" \/><\/figure>\n\n\n\n<figure class=\"wp-block-image size-large\"><img loading=\"lazy\" decoding=\"async\" width=\"1024\" height=\"683\" src=\"http:\/\/helenegugenheim.com\/wp-content\/uploads\/2020\/02\/tonightgoodnight-michelCavalca1-1024x683.jpg\" alt=\"\" class=\"wp-image-2986\" srcset=\"https:\/\/helenegugenheim.com\/wp-content\/uploads\/2020\/02\/tonightgoodnight-michelCavalca1-1024x683.jpg 1024w, https:\/\/helenegugenheim.com\/wp-content\/uploads\/2020\/02\/tonightgoodnight-michelCavalca1-300x200.jpg 300w, https:\/\/helenegugenheim.com\/wp-content\/uploads\/2020\/02\/tonightgoodnight-michelCavalca1-768x512.jpg 768w, https:\/\/helenegugenheim.com\/wp-content\/uploads\/2020\/02\/tonightgoodnight-michelCavalca1-1536x1024.jpg 1536w, https:\/\/helenegugenheim.com\/wp-content\/uploads\/2020\/02\/tonightgoodnight-michelCavalca1.jpg 2048w\" sizes=\"auto, (max-width: 1024px) 100vw, 1024px\" \/><\/figure>\n\n\n\n<p style=\"font-size:10px\">Les invit\u00b7\u00e9es, 8 f\u00e9vrier 2020, Tonight Good night, th\u00e9\u00e2tre de l&rsquo;Elys\u00e9e \u00e0 Lyon, invitation Karelle Prugnaud. Zenta\u00ef, sac en tissu occultant d&rsquo;environ 10&#215;50 m, \u00e0 l&rsquo;int\u00e9rieur 84 caract\u00e8res brod\u00e9s en argent sur velours noir. Photos : Michel  Cavalca&nbsp;  <\/p>\n\n\n\n<figure class=\"wp-block-video\"><video controls poster=\"http:\/\/helenegugenheim.com\/wp-content\/uploads\/2024\/12\/still2-la-danse.jpg\" src=\"http:\/\/helenegugenheim.com\/wp-content\/uploads\/2024\/12\/LesInvitees-laDanse.mp4\"><\/video><\/figure>\n\n\n\n<p style=\"font-size:10px\">Vid\u00e9o : En attendant les invit\u00b7\u00e9es, temps de r\u00e9sidence au #LaboVictorHugo Rouen<\/p>\n","protected":false},"excerpt":{"rendered":"<p>Un personnage sans visage invite le public \u00e0 s\u2019enfoncer dans le ventre de la mati\u00e8re noire Les invit\u00b7\u00e9es, 8 f\u00e9vrier 2020, Tonight Good night, th\u00e9\u00e2tre de l&rsquo;Elys\u00e9e \u00e0 Lyon, invitation Karelle Prugnaud. Zenta\u00ef, sac en tissu occultant d&rsquo;environ 10&#215;50 m, \u00e0 l&rsquo;int\u00e9rieur 84 caract\u00e8res brod\u00e9s en argent sur velours noir. Photos : Michel Cavalca&nbsp; Vid\u00e9o &hellip; <a href=\"https:\/\/helenegugenheim.com\/?page_id=3059\" class=\"more-link\">Continuer la lecture de <span class=\"screen-reader-text\">Les invit\u00b7\u00e9es<\/span><\/a><\/p>\n","protected":false},"author":1,"featured_media":0,"parent":3001,"menu_order":0,"comment_status":"closed","ping_status":"closed","template":"","meta":{"footnotes":""},"class_list":["post-3059","page","type-page","status-publish","hentry"],"_links":{"self":[{"href":"https:\/\/helenegugenheim.com\/index.php?rest_route=\/wp\/v2\/pages\/3059","targetHints":{"allow":["GET"]}}],"collection":[{"href":"https:\/\/helenegugenheim.com\/index.php?rest_route=\/wp\/v2\/pages"}],"about":[{"href":"https:\/\/helenegugenheim.com\/index.php?rest_route=\/wp\/v2\/types\/page"}],"author":[{"embeddable":true,"href":"https:\/\/helenegugenheim.com\/index.php?rest_route=\/wp\/v2\/users\/1"}],"replies":[{"embeddable":true,"href":"https:\/\/helenegugenheim.com\/index.php?rest_route=%2Fwp%2Fv2%2Fcomments&post=3059"}],"version-history":[{"count":18,"href":"https:\/\/helenegugenheim.com\/index.php?rest_route=\/wp\/v2\/pages\/3059\/revisions"}],"predecessor-version":[{"id":5913,"href":"https:\/\/helenegugenheim.com\/index.php?rest_route=\/wp\/v2\/pages\/3059\/revisions\/5913"}],"up":[{"embeddable":true,"href":"https:\/\/helenegugenheim.com\/index.php?rest_route=\/wp\/v2\/pages\/3001"}],"wp:attachment":[{"href":"https:\/\/helenegugenheim.com\/index.php?rest_route=%2Fwp%2Fv2%2Fmedia&parent=3059"}],"curies":[{"name":"wp","href":"https:\/\/api.w.org\/{rel}","templated":true}]}}