{"id":2992,"date":"2020-03-03T19:19:50","date_gmt":"2020-03-03T18:19:50","guid":{"rendered":"http:\/\/helenegugenheim.com\/?page_id=2992"},"modified":"2026-04-24T08:38:49","modified_gmt":"2026-04-24T07:38:49","slug":"publications-presse","status":"publish","type":"page","link":"https:\/\/helenegugenheim.com\/?page_id=2992","title":{"rendered":"Publications + Presse"},"content":{"rendered":"\n<p class=\"has-small-font-size\"><strong>Unicaen.fr &#8211; avril 2026<\/strong><br>Prototyper un projet \u00e9lectronique pour une installation artistique<br>in <a href=\"https:\/\/pedagogie.unicaen.fr\/prototyper-un-projet-electronique-pour-une-installation-artistique\/\" target=\"_blank\" rel=\"noreferrer noopener\">P\u00e9dagogie Accompagnement &amp; Innovation<\/a><\/p>\n\n\n\n<p class=\"has-small-font-size\"><strong>Insert#2 &#8211; septembre 2023<\/strong><br>Cuisiner la famille oc\u00e9an <br>in <a rel=\"noreferrer noopener\" href=\"https:\/\/rn13bis.fr\/media\/pages\/actions\/insert\/3b18439000-1695710183\/insert-n2-web.pdf\" target=\"_blank\">Revue Insert (pdf)<\/a> (RN13BIS edition)<\/p>\n\n\n\n<p class=\"has-small-font-size\"><strong>Fish-facts 41 &#8211; mars 2023<\/strong><br>Levers for change <br>in <a href=\"https:\/\/think.fish\/wp-content\/uploads\/2024\/06\/fish-facts_41_EN_web.pdf\" target=\"_blank\" rel=\"noreferrer noopener\">Reduce suffering in fisheries<\/a> (Fair fish edition)<\/p>\n\n\n\n<p class=\"has-small-font-size\"><strong>Manifesto XXI &#8211; juin 2020<\/strong><br>L&rsquo;ennui, parole H\u00e9l\u00e8ne Gugenheim, musique Th\u00e9o Harfoush<br>in <a href=\"https:\/\/soundcloud.com\/manifestoxxi\/sets\/open-source?fbclid=IwAR3Tx81Dy5Tw6E6-sm3FVh267qiUYy79XMcJrrmRuFAYeioXq2hpiK8TK6s\" target=\"_blank\" rel=\"noreferrer noopener\" aria-label=\"Open Source (s\u2019ouvre dans un nouvel onglet)\">Open Source<\/a> (compilation)<\/p>\n\n\n\n<p class=\"has-light-gray-background-color has-background has-small-font-size\"><strong>Auto\u00e9dition &#8211; mai 2020<\/strong><br><a href=\"http:\/\/helenegugenheim.com\/?page_id=4376\">Ici vivent les dragons<\/a>, 179  pages<\/p>\n\n\n\n<p class=\"has-small-font-size\"><strong>art press &#8211; juillet\/ao\u00fbt 2019<\/strong><br>Sur Et de nos bouches sortent des diamants, des crapauds et des rires<br>in 2e cahier : Jeune Cr\u00e9ation<\/p>\n\n\n\n<p class=\"has-small-font-size\"><strong>Rfi Br\u00e9sil &#8211; 7 mai 2019<\/strong><br>Sur les cicatrices<br>in <a href=\"http:\/\/br.rfi.fr\/mundo\/20190507-mulheres-exibem-cicatrizes-nas-redes-sociais-para-lutar-contra-ditadura-dos-corpos-pe\" target=\"_blank\" rel=\"noreferrer noopener\">Mulheres exibem cicatrizes nas redes sociais para lutar contra ditadura dos corpos perfeitos<\/a> by Danielle Franco<\/p>\n\n\n\n<p class=\"has-small-font-size\"><strong>Le Monde &#8211; 21 avril 2019<\/strong><br>Sur les cicatrices<br>in <a href=\"https:\/\/www.lemonde.fr\/societe\/article\/2019\/04\/21\/l-art-pour-assumer-et-magnifier-ses-cicatrices_5453330_3224.html\" target=\"_blank\" rel=\"noreferrer noopener\">L&rsquo;art pour assumer et magnifier ses cicatrices<\/a> by Diane Regny<\/p>\n\n\n\n<p class=\"has-small-font-size\"><strong>Les cahiers de Gestalt-th\u00e9rapie &#8211; d\u00e9cembre 2018<\/strong><br>Sur les cicatrices<br>in <a href=\"https:\/\/www.exprimerie.fr\/?Se-risquer\" target=\"_blank\" rel=\"noreferrer noopener\">Se risquer, \u00e9loge de la vuln\u00e9rabilit\u00e9<\/a><\/p>\n\n\n\n<p class=\"has-small-font-size\"><strong>Radio St-Ferr\u00e9ol &#8211; mai 2018<\/strong><br> Sur les Rat\u00e9 et les Cicatrices&nbsp;<br> in&nbsp;<a href=\"http:\/\/www.radiosaintfe.com\/emissions\/culturelles\/289-art-o-matic\" target=\"_blank\" rel=\"noreferrer noopener\">Art-O-Matic<\/a><\/p>\n\n\n\n<p class=\"has-light-gray-background-color has-background has-small-font-size\"><strong>Han Han &#8211; f\u00e9vrier 2018<\/strong><br> S\u00e9lection de micro-po\u00e8mes de la s\u00e9rie \u00ab\u00a0Les mots excitants\u00a0\u00bb<br> in&nbsp;<a href=\"http:\/\/hanhan.fr\/les-mots-excitants\/\" target=\"_blank\" rel=\"noreferrer noopener\">HanHan#17<\/a><\/p>\n\n\n\n<p class=\"has-light-gray-background-color has-background has-small-font-size\"><strong>POST(blank) by MadGleamPress&nbsp;&#8211; 3 ao\u00fbt 2017<\/strong><br> S\u00e9lection de micro-po\u00e8mes de la s\u00e9rie \u00ab\u00a0Les mots excitants\u00a0\u00bb<br> in <a href=\"https:\/\/www.madgleampress.com\/postblank\" target=\"_blank\" rel=\"noreferrer noopener\">Vol. III POSTporn&nbsp;<\/a><\/p>\n\n\n\n<p class=\"has-small-font-size\"><strong>Collecteurs magazine&nbsp;&#8211; 15 juillet 2017<br><\/strong>in <a href=\"https:\/\/www.collecteursmagazine.com\/magazine\/2017\/6\/15\/kintsugi-tracing-transience\" target=\"_blank\" rel=\"noreferrer noopener\">Kintsugi : Tracing transience<\/a> by&nbsp;Ani Bradberry<\/p>\n\n\n\n<p class=\"has-small-font-size\"><strong>La Peaulogie&nbsp;&#8211; juillet 2017<br><\/strong>in <a href=\"http:\/\/lapeaulogie.fr\/cicatrices-dorees-rencontre-avec-helene-gugenheim\/\" target=\"_blank\" rel=\"noreferrer noopener\">Cicatrices dor\u00e9es. Rencontre avec H\u00e9l\u00e8ne Gugenheim<\/a> by&nbsp;Jean&nbsp; Da Silva<\/p>\n\n\n\n<p class=\"has-light-gray-background-color has-background has-small-font-size\"><strong>Berlingot &#8211; 3 juin 2017<br><\/strong>S\u00e9lection de micro-po\u00e8mes de la s\u00e9rie \u00ab\u00a0Les mots excitants\u00a0\u00bb<br> in <a rel=\"noreferrer noopener\" href=\"http:\/\/cargocollective.com\/berlingot\/1-1\" target=\"_blank\">issue #1<\/a>&nbsp;<\/p>\n\n\n\n<p class=\"has-small-font-size\"> <strong>Time Out Paris &#8211; 18 octobre 2016<\/strong><br> in Les 8 temps forts de la 8e \u00e9dition [des Jeudis Arty]: <a rel=\"noreferrer noopener\" href=\"https:\/\/www.timeout.fr\/paris\/art\/les-jeudis-arty\" target=\"_blank\">\u00ab\u00a0Performance en or d&rsquo;H\u00e9l\u00e8ne Gugenheim \u00e0 la galerie R\u00e9sidences\u00a0\u00bb<\/a><\/p>\n\n\n\n<p class=\"has-small-font-size\"><strong>Le Gemmologue &#8211; 9 octobre 2016<\/strong><br> in Coups de c\u0153ur &#8211; <a href=\"http:\/\/legemmologue.com\/2016\/10\/09\/mes-cicatrices-je-suis-delles-entierement-tisse\/\" target=\"_blank\" rel=\"noreferrer noopener\">exposition \u00ab\u00a0Mes cicatrices Je suis d&rsquo;elles, enti\u00e8rement tiss\u00e9\u00a0\u00bb \u00e0 la galerie R\u00e9sidences<\/a><\/p>\n\n\n\n<p class=\"has-small-font-size\"><strong>Vice \/ The creators project &nbsp;&#8211; 6 janvier 2016<br><\/strong>\u00ab\u00a0If bodies tell stories, scars are their words. Reading my own, I see a 2.5 inch-long healed gash above my right shoulder blade that tells the story of a regrettable tattoo, now removed, gotten in Amsterdam with a boyfriend past. A circular white dot on my right forearm tells the story of drunken 16-year-old me idly pressing a lit cigarette into my arm. We live in one skin our whole lives; we cannot take it off or trade it for another. Scars are the marks of a life in-process&#8230;\u00a0\u00bb <a href=\"http:\/\/thecreatorsproject.vice.com\/blog\/gilded-scars-helene-gugenheim\" target=\"_blank\" rel=\"noreferrer noopener\">Read more by&nbsp;Julia Lourie<\/a><\/p>\n\n\n\n<p class=\"has-small-font-size\"><strong>EFE Javier Albisu &#8211; 19 janvier 2016<br><\/strong>\u00ab\u00a0Lo hace porque le interesa la metamorfosis que una cicatriz profunda imprime en el due\u00f1o de ese cuerpo, obligado a renacer sin desprenderse de las marcas del dolor; forzado a integrar los accidentes geogr\u00e1ficos del azar&#8230;.\u00a0\u00bb&nbsp;<a href=\"http:\/\/www.eluniversal.com\/arte-y-entretenimiento\/cultura\/160119\/el-arte-de-cicatrizar-con-laminas-de-oro\" target=\"_blank\" rel=\"noreferrer noopener\">Leer m\u00e1s&nbsp;sobre El Universal<\/a><\/p>\n\n\n\n<p class=\"has-small-font-size\"><strong>Huffington Post France&nbsp;&#8211; 13 janvier 2016<br><\/strong>\u00ab\u00a0<a href=\"http:\/\/www.huffingtonpost.fr\/2016\/01\/13\/photos-artiste-or-cicatrices-acceptation-de-soi_n_8968818.html\" target=\"_blank\" rel=\"noreferrer noopener\">Une artiste met de l&rsquo;or sur vos cicatrices pour vous aider \u00e0 les accepter<\/a>\u00a0\u00bb par&nbsp;Ga\u00e9tan Lebrun<\/p>\n\n\n\n<p class=\"has-small-font-size\"><strong>Huffington Post UK &#8211; 11 janvier 2016<br><\/strong>\u00ab\u00a0<a href=\"http:\/\/www.huffingtonpost.co.uk\/2016\/01\/11\/helene-gugenheim-weaves-gold-into-scars_n_8955110.html?utm_hp_ref=uk\" target=\"_blank\" rel=\"noreferrer noopener\">Artist H\u00e9l\u00e8ne Gugenheim Weaves Gold Into People&rsquo;s Scars, Showing The Beauty In Overcoming Adversity<\/a>\u00a0\u00bb by&nbsp;Natasha Hinde<\/p>\n\n\n\n<p class=\"has-small-font-size\"><strong>Metro &nbsp;\u2013 8 janvier 2016<\/strong><br> \u00ab\u00a0<a rel=\"noreferrer noopener\" href=\"http:\/\/metro.co.uk\/2016\/01\/08\/this-artist-weaves-gold-into-the-scars-of-others-to-tell-a-beautiful-story-5610501\/\" target=\"_blank\">This artist weaves gold into the scars of others to tell a beautiful story<\/a>\u00a0\u00bb&nbsp;by Francesca Kentish<\/p>\n\n\n\n<p class=\"has-light-gray-background-color has-background has-small-font-size\"><strong>\u00c9ditions Gaspard nocturne &#8211; avril 2014<\/strong><br><a href=\"http:\/\/helenegugenheim.com\/?page_id=3305\">Nuits<\/a>, 104 pages <\/p>\n","protected":false},"excerpt":{"rendered":"<p>Unicaen.fr &#8211; avril 2026Prototyper un projet \u00e9lectronique pour une installation artistiquein P\u00e9dagogie Accompagnement &amp; Innovation Insert#2 &#8211; septembre 2023Cuisiner la famille oc\u00e9an in Revue Insert (pdf) (RN13BIS edition) Fish-facts 41 &#8211; mars 2023Levers for change in Reduce suffering in fisheries (Fair fish edition) Manifesto XXI &#8211; juin 2020L&rsquo;ennui, parole H\u00e9l\u00e8ne Gugenheim, musique Th\u00e9o Harfoushin Open &hellip; <a href=\"https:\/\/helenegugenheim.com\/?page_id=2992\" class=\"more-link\">Continuer la lecture de <span class=\"screen-reader-text\">Publications + Presse<\/span><\/a><\/p>\n","protected":false},"author":1,"featured_media":0,"parent":0,"menu_order":0,"comment_status":"closed","ping_status":"closed","template":"","meta":{"footnotes":""},"class_list":["post-2992","page","type-page","status-publish","hentry"],"_links":{"self":[{"href":"https:\/\/helenegugenheim.com\/index.php?rest_route=\/wp\/v2\/pages\/2992","targetHints":{"allow":["GET"]}}],"collection":[{"href":"https:\/\/helenegugenheim.com\/index.php?rest_route=\/wp\/v2\/pages"}],"about":[{"href":"https:\/\/helenegugenheim.com\/index.php?rest_route=\/wp\/v2\/types\/page"}],"author":[{"embeddable":true,"href":"https:\/\/helenegugenheim.com\/index.php?rest_route=\/wp\/v2\/users\/1"}],"replies":[{"embeddable":true,"href":"https:\/\/helenegugenheim.com\/index.php?rest_route=%2Fwp%2Fv2%2Fcomments&post=2992"}],"version-history":[{"count":15,"href":"https:\/\/helenegugenheim.com\/index.php?rest_route=\/wp\/v2\/pages\/2992\/revisions"}],"predecessor-version":[{"id":6502,"href":"https:\/\/helenegugenheim.com\/index.php?rest_route=\/wp\/v2\/pages\/2992\/revisions\/6502"}],"wp:attachment":[{"href":"https:\/\/helenegugenheim.com\/index.php?rest_route=%2Fwp%2Fv2%2Fmedia&parent=2992"}],"curies":[{"name":"wp","href":"https:\/\/api.w.org\/{rel}","templated":true}]}}