{"id":2980,"date":"2020-03-03T18:13:36","date_gmt":"2020-03-03T17:13:36","guid":{"rendered":"http:\/\/helenegugenheim.com\/?page_id=2980"},"modified":"2026-04-23T09:12:50","modified_gmt":"2026-04-23T08:12:50","slug":"a-propos","status":"publish","type":"page","link":"https:\/\/helenegugenheim.com\/?page_id=2980","title":{"rendered":"A propos"},"content":{"rendered":"\n<p class=\"has-small-font-size\">Install\u00e9e dans le bassin versant de l\u2019Orne en Normandie, je cherche des perspectives pour un monde vivable. Je pratique la performance, l\u2019\u00e9criture, le dessin, la photo, le son, et tout mat\u00e9riau qui me permet de cr\u00e9er des arrangements rendant sensibles les communaut\u00e9s inter-esp\u00e8ces que nous formons d\u00e9j\u00e0.<\/p>\n\n\n\n<p class=\"has-small-font-size\">Je travaille en chasseuse-pisteuse. Traque ce qui est d\u00e9j\u00e0 l\u00e0. R\u00e9colte. Agence. \u00c7a fabrique des proth\u00e8ses qui modifient nos possibilit\u00e9s de prises sur le r\u00e9el. J\u2019ai une pratique d\u2019artiste, j\u2019y entra\u00eene tout mon corps&nbsp;; qui est une forme qui fait des formes qui font des traces qui sont des formes.<\/p>\n\n\n\n<p class=\"has-small-font-size\">Je m\u2019appuie sur des compagnonnages de pens\u00e9es et\/ou de sensibilit\u00e9s avec Dona Haraway (\u00ab natureculture \u00bb), \u00c9milie Hache (\u00ab de la g\u00e9n\u00e9ration \u00bb), Starhawk (\u00ab le pouvoir du dedans \u00bb), Judy Chicago (la Womanhouse), Baptiste Morizot (\u00ab les communaut\u00e9s d\u2019importance \u00bb), Paul B. Preciado (\u00ab la potentia gaudi \u00bb), Louisa Yousfi (\u00ab rester barbare \u00bb), Malcom Ferdinand (\u00ab une \u00e9cologie d\u00e9coloniale \u00bb) notamment.<\/p>\n\n\n\n<p class=\"has-small-font-size\">Mon travail a \u00e9t\u00e9 pr\u00e9sent\u00e9 en France (Julie Crenn\/The bridge by Christian Berst, Christian Alandete\/Fondation Ricard, Jeune cr\u00e9ation\/galeries Jean-Collet et Thaddaeus Ropac, la chaire Beaut\u00e9(s)\/Universit\u00e9 PSL, RN13bis\/Artoth\u00e8que de Caen, SUAC\/Universit\u00e9 de Caen, Le D\u00f4me Caen, Master 2 MAE\/Noir brillant Rennes, Les Limbes Saint-\u00c9tienne) aux \u00c9tats-Unis (Cathedral St-John The Divine, New-York), au Luxembourg (Projeten), au Portugal (Carefish\/catch project).<\/p>\n\n\n\n<p class=\"has-small-font-size\">En 2022-2026, en tant qu&rsquo;artiste invit\u00e9e, j&rsquo;ai collabor\u00e9 avec l&rsquo;institut DeMoS pour la d\u00e9mocratisation des sciences.<br>Depuis 2025, je suis en r\u00e9sidence de recherche \u00e0 l\u2019Universit\u00e9 de Caen dans le cadre du projet Des G\u00e9n\u00e9rations Plastiques port\u00e9 par le laboratoire de recherche de l&rsquo;ABTE et le D\u00f4me. <\/p>\n\n\n\n<p class=\"has-small-font-size\"><strong>contact[at]helenegugenheim.com<\/strong><br><\/p>\n","protected":false},"excerpt":{"rendered":"<p>Install\u00e9e dans le bassin versant de l\u2019Orne en Normandie, je cherche des perspectives pour un monde vivable. Je pratique la performance, l\u2019\u00e9criture, le dessin, la photo, le son, et tout mat\u00e9riau qui me permet de cr\u00e9er des arrangements rendant sensibles les communaut\u00e9s inter-esp\u00e8ces que nous formons d\u00e9j\u00e0. Je travaille en chasseuse-pisteuse. Traque ce qui est &hellip; <a href=\"https:\/\/helenegugenheim.com\/?page_id=2980\" class=\"more-link\">Continuer la lecture de <span class=\"screen-reader-text\">A propos<\/span><\/a><\/p>\n","protected":false},"author":1,"featured_media":0,"parent":0,"menu_order":0,"comment_status":"closed","ping_status":"closed","template":"","meta":{"footnotes":""},"class_list":["post-2980","page","type-page","status-publish","hentry"],"_links":{"self":[{"href":"https:\/\/helenegugenheim.com\/index.php?rest_route=\/wp\/v2\/pages\/2980","targetHints":{"allow":["GET"]}}],"collection":[{"href":"https:\/\/helenegugenheim.com\/index.php?rest_route=\/wp\/v2\/pages"}],"about":[{"href":"https:\/\/helenegugenheim.com\/index.php?rest_route=\/wp\/v2\/types\/page"}],"author":[{"embeddable":true,"href":"https:\/\/helenegugenheim.com\/index.php?rest_route=\/wp\/v2\/users\/1"}],"replies":[{"embeddable":true,"href":"https:\/\/helenegugenheim.com\/index.php?rest_route=%2Fwp%2Fv2%2Fcomments&post=2980"}],"version-history":[{"count":37,"href":"https:\/\/helenegugenheim.com\/index.php?rest_route=\/wp\/v2\/pages\/2980\/revisions"}],"predecessor-version":[{"id":6499,"href":"https:\/\/helenegugenheim.com\/index.php?rest_route=\/wp\/v2\/pages\/2980\/revisions\/6499"}],"wp:attachment":[{"href":"https:\/\/helenegugenheim.com\/index.php?rest_route=%2Fwp%2Fv2%2Fmedia&parent=2980"}],"curies":[{"name":"wp","href":"https:\/\/api.w.org\/{rel}","templated":true}]}}