{"id":2967,"date":"2020-03-03T17:15:17","date_gmt":"2020-03-03T16:15:17","guid":{"rendered":"http:\/\/helenegugenheim.com\/?page_id=2967"},"modified":"2026-04-14T15:03:49","modified_gmt":"2026-04-14T14:03:49","slug":"rendez-vous","status":"publish","type":"page","link":"https:\/\/helenegugenheim.com\/?page_id=2967","title":{"rendered":"Rendez-vous"},"content":{"rendered":"\n<p class=\"has-small-font-size\"><strong>[performance] <a href=\"https:\/\/helenegugenheim.com\/\" data-type=\"page\" data-id=\"6473\">Petit Peuple<\/a>, <strong>19 avril 2026<\/strong><\/strong>, exposition Bonne ch\u00e8re, Romuald Jandolo, commissariat Master 2 MAE, Universit\u00e9 de Rennes 2, \u00e0 L\u2019\u00c9glise, Noir brillant, Rennes (35)<\/p>\n\n\n\n<p class=\"has-small-font-size\"><strong>[r\u00e9sidence] <a href=\"https:\/\/helenegugenheim.com\/\" data-type=\"page\" data-id=\"6186\">Mati\u00e8res plastiques#2<\/a>, 2025\/2026<\/strong>, Universit\u00e9 de Caen (14), en partenariat avec l&rsquo;ABTE et le D\u00f4me. <strong>\u00c9tapes de travail de la performance 2042<\/strong> : 19 janvier 2026, AG de l&rsquo;ABTE Caen ; 4 f\u00e9vrier 2026, Alors \u00e7a se d\u00e9grade ? Le D\u00f4me Caen ; 9 avril 2026, Turfu festival, Le D\u00f4me Caen<\/p>\n\n\n\n<p class=\"has-small-font-size\"><strong>[expo] <a href=\"https:\/\/helenegugenheim.com\/?page_id=6373\" data-type=\"page\" data-id=\"6373\">Ocean family<\/a>, du 15 janvier au 20 mars 2026<\/strong>, Biblioth\u00e8que Universitaire Rosalind Franklin, Caen (14)<\/p>\n\n\n\n<p class=\"has-small-font-size\"><strong>[performance] <a href=\"https:\/\/helenegugenheim.com\/?page_id=6221\" data-type=\"page\" data-id=\"6221\">voici P_<\/a>, Mati\u00e8res plastiques, <strong><s>18<\/s> (gr\u00e8ve) et 25 septembre 2025<\/strong><\/strong>, Universit\u00e9 de Caen (14), en partenariat avec l&rsquo;ABTE et le D\u00f4me<\/p>\n\n\n\n<p class=\"has-small-font-size\"><strong>[performance] <a href=\"https:\/\/helenegugenheim.com\/?page_id=6121\" data-type=\"page\" data-id=\"6121\">Pythie<\/a>, <strong>23 mai 2025<\/strong><\/strong>, Colline aux oiseaux, Caen (14), dans le cadre de la r\u00e9sidence Mati\u00e8res plastiques avec le laboratoire ABTE &#8211; Universit\u00e9 de Caen<\/p>\n\n\n\n<p class=\"has-small-font-size\"><strong>[r\u00e9sidence] Mati\u00e8res plastiques#1, <strong>avril-mai 2025<\/strong><\/strong>, laboratoire ABTE &#8211; Universit\u00e9 de Caen<\/p>\n\n\n\n<p class=\"has-small-font-size\"><strong>[lancement] Insert#3, 19 septembre 2024, <\/strong>\u00e9dition RN13BIS, comit\u00e9 \u00e9ditorial avec Virginie Bobin et Cl\u00e9mentine Dupr\u00e9, au FRAC Normandie, Sotteville-l\u00e8s-Rouen (76) <a href=\"https:\/\/rn13bis.fr\/media\/pages\/actions\/insert\/9f75035c48-1727338808\/insert-n3-web.pdf\">(T\u00e9l\u00e9charger en PDF)<\/a><\/p>\n\n\n\n<p style=\"font-size:13px\"><strong>[vente] Komet (supermarch\u00e9 des multiples), 5-7 juillet 2024,<\/strong> festival non-\u00e9toile, Montreuil (93)<\/p>\n\n\n\n<p style=\"font-size:13px\"><strong>[r\u00e9sidence] Port de Granville, avril 2024,<\/strong> DeMoS pour les rituels oc\u00e9aniques<\/p>\n\n\n\n<p class=\"has-small-font-size\"><strong>[r\u00e9sidence] Cuisiner la famille oc\u00e9an #2, avril 2024<\/strong>, La G\u00e9n\u00e9rale Paris\/DeMoS pour les rituels oc\u00e9aniques<\/p>\n\n\n\n<p class=\"has-small-font-size\"><strong>[r\u00e9sidence] Port de Granville, novembre 2023<\/strong>, DeMoS pour les rituels oc\u00e9aniques<\/p>\n\n\n\n<p class=\"has-small-font-size\"><strong>[performance] Une sardine, 28 septembre 2023<\/strong>, RN13BIS, lancement revue Insert#2 et r\u00e9pertoire Traverse, Artoth\u00e8que, Caen (14)<\/p>\n\n\n\n<p class=\"has-small-font-size\"><strong>[performance] Une sardine, 13 septembre 2023<\/strong>, Summer shoal, Faro, Portugal, DeMoS\/Carefish\/catch project (sur inscription)<\/p>\n\n\n\n<p class=\"has-small-font-size\"><strong>[r\u00e9sidence] Port de Granville, juin 2023<\/strong>, DeMoS pour les rituels oc\u00e9aniques <\/p>\n\n\n\n<p class=\"has-small-font-size\"><strong>[pr\u00e9sentation] Les pratiques collectives, d\u00e9bat, 2 juin 2023<\/strong>, RN13BIS, Frac Normandie Caen <\/p>\n\n\n\n<p class=\"has-small-font-size\"><strong>[r\u00e9sidence] Cuisiner la famille-oc\u00e9an, 6 dates en 2022\/2023<\/strong>, Centre social de Courteille, Alen\u00e7on (61), DeMoS pour les rituels oc\u00e9aniques (sur inscription)<\/p>\n\n\n\n<p class=\"has-small-font-size\"><strong>[r\u00e9sidence] \u00e0 bord de bateaux de p\u00eache, octobre 2022<\/strong>, port d&rsquo;Olh\u00e3o Portugal, DeMoS\/CCMAR pour les rituels oc\u00e9aniques<\/p>\n\n\n\n<p class=\"has-small-font-size\"><strong>[textes] in \u00c9l\u00e9vation sonore. Dialogue avec les astres #2, 15 septembre 2022, galerie Nosbaum-Reding, Luxembourg<\/strong>, performance, <a href=\"https:\/\/projeten.eu\/?portfolio=elevation-sonore-dialogue-avec-les-astres\" target=\"_blank\" rel=\"noreferrer noopener\">curation St\u00e9phane Ghislain Roussel \u2013 Projeten Luxembourg<\/a> (sur r\u00e9servation)<\/p>\n\n\n\n<p class=\"has-small-font-size\"><strong>[performance + installation] La veill\u00e9e, Summer shoal, Faro, Portugal, 28 juin au 1er juillet 2022.<\/strong> DeMoS\/Carefish catch project<\/p>\n\n\n\n<p class=\"has-small-font-size\"><strong>[pr\u00e9sentation] La veill\u00e9e et autres rituels oc\u00e9aniques, <a href=\"https:\/\/www.projetcoal.org\/coal\/2022\/05\/03\/prix-coal-2022\/\" target=\"_blank\" rel=\"noreferrer noopener\">10 projets finalistes du prix Coal Oc\u00e9ans<\/a>, mus\u00e9e de la Chasse et de la Nature Paris, 8 juin 2022,<\/strong> sur invitation <\/p>\n\n\n\n<p class=\"has-small-font-size\"><strong>[expo] P*te et Peintre, Snap! festival, Beursschouwburg Bruxelles, du 27 mai au 17 juin 2022. <\/strong> Phylact\u00e8re SOMEONE I LOVE IS A SEX WORKER<\/p>\n\n\n\n<p class=\"has-small-font-size\"><strong>[expo] R\u00eaver l&rsquo;Obscur, <a href=\"https:\/\/christianberst.com\/exhibitions\/exhibition-297#infos\" target=\"_blank\" rel=\"noreferrer noopener\" aria-label=\"The bridge galerie Christian Berst (s\u2019ouvre dans un nouvel onglet)\">The bridge galerie Christian Berst<\/a>, Paris, du 3 f\u00e9vrier au 27 mars 2022<\/strong>.  Des dessins dans un <a rel=\"noreferrer noopener\" aria-label=\" (s\u2019ouvre dans un nouvel onglet)\" href=\"https:\/\/crennjulie.com\/2022\/01\/05\/exposition-rever-lobscur-the-bridge-by-christian-berst-paris\/\" target=\"_blank\">commissariat de Julie Crenn<\/a> <\/p>\n\n\n\n<p class=\"has-small-font-size\"><strong>[r\u00e9sidence + performance] Mes cicatrices Je suis d&rsquo;elles, enti\u00e8rement tiss<\/strong>\u00b7<strong>\u00e9e, novembre\/d\u00e9cembre 2021,  PAC(O) Gen\u00e8ve<\/strong>. Performance le 3 d\u00e9cembre 2021<\/p>\n\n\n\n<p class=\"has-small-font-size\"><strong>[r\u00e9sidence] Chap\u00ealm\u00eale, Alen\u00e7on (61), du 8 au 18 octobre 2021<\/strong><br>R\u00e9sidence de dessin   <\/p>\n\n\n\n<p class=\"has-small-font-size\"><strong>[textes] in<\/strong> <strong>\u00c9l\u00e9vation sonore. Dialogue avec les astres, 29 ao\u00fbt 2021, <\/strong> <strong>Watterwalls Festival, Esch-sur-S\u00fbre (Luxembourg)<\/strong>, performance dans le cadre du <a href=\"https:\/\/projeten.eu\/?portfolio=elevation-sonore-dialogue-avec-les-astres\" target=\"_blank\" rel=\"noreferrer noopener\">projet RESSAC\/RE<\/a> et de l&rsquo;installation Ensemencement de Justine Blau, curation de St\u00e9phane Ghislain Roussel &#8211; Projeten Luxembourg <\/p>\n\n\n\n<p class=\"has-small-font-size\"><strong>[expo ] ABRAKADABRA, du 7 ao\u00fbt au 19 septembre 2021, cabane Georgina Marseille (13)<\/strong><br>Phylact\u00e8re NOUS SOMMES LE POUVOIR, broderie argent sur velours<\/p>\n\n\n\n<p class=\"has-small-font-size\"><strong>[expo] Natura Artis Magistra, du 29 mai au 10 juillet 2021, galerie Jeune cr\u00e9ation, Romainville (93)<\/strong> <\/p>\n\n\n\n<p class=\"has-small-font-size\"><strong>[performance] Terre commune (passer par le feu), 30 avril 2021, <\/strong> <strong>galerie Les Limbes Saint-Etienne (42)<\/strong>  Un rituel cr\u00e9\u00e9 avec Lucile Olympe Haute, accompagnement sonore Fabrice J\u00fcnger<\/p>\n\n\n\n<p class=\"has-small-font-size\">[Invitation de Lucile Olympe Haute] participation \u00e0 la performance Oracle t\u00e9l\u00e9graphique, 8 avril 2021, galerie Jeune cr\u00e9ation, Les \u00e9crits du num\u00e9rique par Alphabetville et La Marelle Marseille<\/p>\n\n\n\n<p class=\"has-small-font-size\"><strong>[performance] Terre commune (sortie de dormance), 20 mars 2021, galerie Jeune cr\u00e9ation Romainville (93)<\/strong> Un rituel cr\u00e9\u00e9 avec Lucile Olympe Haute, accompagnement sonore Camille Dupeyron<\/p>\n\n\n\n<p class=\"has-small-font-size\"><strong>[expo\/commissariat ] Mani\u00e8res d&rsquo;\u00eatre vivant<\/strong>\u00b7<strong>e, du 14 mars au 15 mai 2021 \u00e0 la galerie Jeune cr\u00e9ation  Romainville (93)<\/strong> Co-commissariat avec Lucile Olympe Haute, <a href=\"http:\/\/helenegugenheim.com\/?page_id=4905\" data-type=\"page\" data-id=\"4905\">En savoir plus <\/a><\/p>\n\n\n\n<p class=\"has-small-font-size\">[Invitation d&rsquo;Emmanuel Guillaud] participation \u00e0 la r\u00e9sidence de cr\u00e9ation de I\u2019ll lick the fog off your skin, 26-28 janvier 2021, le 104 Paris<\/p>\n\n\n\n<p class=\"has-small-font-size\"><strong>[r\u00e9sidence] domaine de La Richardi\u00e8re, Lhomme (72) , du 6 au 16 d\u00e9cembre 2020<\/strong><br>R\u00e9sidence de dessin<\/p>\n\n\n\n<p class=\"has-small-font-size\"><strong>[expo] Le pouvoir se charge de vous#3, du 12 septembre au 18 d\u00e9cembre 2020, galerie Jeune cr\u00e9ation, Romainville (93)<\/strong> Ruban NOUS SORCI\u00c8RES NOUS PERFORMEUSES, broderie argent sur velours. <\/p>\n\n\n\n<p class=\"has-small-font-size\"><strong>[performance] Terre commune (enfouir), 22 puis 26 septembre 2020, galerie Thaddaeus Ropac (Pantin) in Jeune cr\u00e9ation 70e \u00e9dition En \u00catre.<\/strong> Un rituel cr\u00e9\u00e9 avec Lucile Olympe Haute<\/p>\n\n\n\n<p class=\"has-small-font-size\"><strong>[expo] Jeune cr\u00e9ation, du 12 au 26 septembre 2020, galerie Thaddaeus Ropac (Pantin), galerie Jeune cr\u00e9ation (Romainville), cabane Georgina (Marseille)<\/strong>. Vernissage le 12 septembre, s\u00e9rie <a href=\"http:\/\/helenegugenheim.com\/\">Paysages<\/a>, rituel Terre commune avec Lucile Olympe Haute le 22 septembre<\/p>\n\n\n\n<p class=\"has-small-font-size\"><strong>[expo] Sororit\u00e9, du 22 ao\u00fbt au 20 septembre 2020, cabane Georgina Marseille (13)<\/strong>. Dans le cadre de \u00ab\u00a0En \u00catre\u00a0\u00bb 70e \u00e9dition de Jeune Cr\u00e9ation\/a.ken, Phylact\u00e8re NOUS SOMMES LE POUVOIR, broderie argent sur velours<\/p>\n\n\n\n<p class=\"has-small-font-size\"><strong>[expo ] Le pouvoir se charge de vous#2, du 10 juin au 25 juillet 2020, galerie Jeune cr\u00e9ation, Romainville (93)<\/strong> Phylact\u00e8re NOUS SOMMES LE POUVOIR, broderie argent sur velours<\/p>\n\n\n\n<p class=\"has-small-font-size\"><strong>[performance] Les invit\u00e9<\/strong>\u00b7<strong>es, 8 f\u00e9vrier 2020, th\u00e9\u00e2tre de l\u2019\u00c9lys\u00e9e, Lyon <\/strong>Invitation de Karelle Prugnaud &#8211; Cie L&rsquo;envers du d\u00e9cor pour Tonight Good night, th\u00e9\u00e2tre de l&rsquo;Elys\u00e9e, Lyon<\/p>\n\n\n\n<p class=\"has-small-font-size\"><strong>[performance] Nous sorci\u00e8res nous performeuses,  2 f\u00e9vrier 2020, Universit\u00e9 de la Jeune cr\u00e9ation, Romainville (93)<\/strong> Jeune cr\u00e9ation 69e \u00e9dition, fondation Fiminco, Romainville (93) &#8211; performance avec Lucile Olympe Haute<\/p>\n\n\n\n<p class=\"has-small-font-size\"><strong>[performance + conf\u00e9rence] Les autoportraits \u00e0 la bougie d&rsquo;anniversaire, 16 janvier 2020, CNSAD, Paris<\/strong><br>Sur l&rsquo;invitation de la Chaire Beaut\u00e9(s) de l&rsquo;Universit\u00e9 PSL &#8211; L&rsquo;Or\u00e9al, au Conservatoire National Sup\u00e9rieur d&rsquo;Art Dramatique de Paris ; Conf\u00e9rence #2 Beaut\u00e9 du corps,&nbsp; avec la tatoueuse Amanda Wachob et le sociologue David Le Breton&#8230; <\/p>\n\n\n\n<p class=\"has-small-font-size\"><strong>[commissariat] Et de nos bouches sortent des diamants, des crapauds et des rires, 28 septembre 2019, Crest (26)<\/strong> Rencontres, performances artistiques, ateliers exploratoires, soin du repas et du m\u00e9nage, conf\u00e9rence chorale, exposition peut-\u00eatre, et toute chose qui sera apport\u00e9e&#8230; <\/p>\n\n\n\n<p class=\"has-small-font-size\"><strong>[ateliers d&rsquo;\u00e9criture et de mise en voix] 8, 15, 22 et 29 juin 2019, Mus\u00e9e de Valence <\/strong><br>Rendez-vous \u00ab\u00a0Aux extr\u00e9mit\u00e9s de notre univers\u00a0\u00bb pour une auscultation de nos \u00e9motions et sensations devant les \u0153uvres de Gerda Steiner et J\u00f6rg Lenzlinger<\/p>\n\n\n\n<p class=\"has-small-font-size\"><strong>[performance] Corps social, 11 mai 2019, th\u00e9\u00e2tre de verre, Paris<\/strong><br>R\u00e9\u00e9dition de la performance pour Corps invisibles, \u00e0 l&rsquo;invitation du collectif Action hybride&nbsp;<\/p>\n\n\n\n<p class=\"has-small-font-size\"><strong>[performance] Mes cicatrices Je suis d&rsquo;elles, enti\u00e8rement tiss\u00e9.e, 9 juin 2018, Week end performances, Vitry (94) <\/strong>avec Flore Falcinelli (dorure), Jeune cr\u00e9ation, galerie municipale Jean Collet, MAC Val et les \u00e9coles artistiques municipales.&nbsp;<\/p>\n\n\n\n<p class=\"has-small-font-size\"><strong>[expo+lecture] in Les Pontoisies, 28 avril 2018, galerie Grand vivant, Pont de Barret (26) <\/strong><br>Exposition Des cicatrices avec la pi\u00e8ce sonore \u00ab Et autour, du silence \u00bb, la s\u00e9rie \u00ab Ic\u00f4nes \u00bb et la projection des films des performances. A l&rsquo;\u00e9tage : lecture des premi\u00e8res pages de \u00ab\u00a0Ici vivent les dragons\u00a0\u00bb<\/p>\n\n\n\n<p class=\"has-small-font-size\"><strong>[expo] in Les Transversales, Crest (26), 31 mars et 1er avril 2018<\/strong>, Galerie Espace Libert\u00e9 : une partie de mon travail autour de la cicatrisation, avec la pi\u00e8ce sonore \u00ab Et autour, du silence \u00bb et la s\u00e9rie \u00ab Ic\u00f4nes \u00bb. Chez Eug\u00e8ne : un \u00e9tat de la performance \u00ab <a href=\"http:\/\/helenegugenheim.com\/?page_id=3121\">Les rat\u00e9 (ce que l&rsquo;on transporte avec soi)<\/a> \u00bb<\/p>\n\n\n\n<p class=\"has-small-font-size\"><strong>[lecture] 2 f\u00e9vrier 2018, Nuit de la po\u00e9sie, Crest (26) <\/strong>Ici vivent les dragons (extraits). <a href=\"https:\/\/www.nuitdelapoesie-crest.fr\/\" target=\"_blank\" rel=\"noreferrer noopener\">En savoir plus<\/a><\/p>\n\n\n\n<p class=\"has-small-font-size\"><strong>[expo] The Christa project, du 6 octobre 2016 au 12 mars 2017, Cathedral of St. John the Divine, New-York <br><\/strong>S\u00e9lection des images des performances \u00ab <a href=\"http:\/\/helenegugenheim.com\/?page_id=3157\">Mes cicatrices Je suis d\u2019elles, enti\u00e8rement tiss\u00e9<\/a>\u00b7<a href=\"http:\/\/helenegugenheim.com\/?page_id=3157\">e<\/a> \u00bb Commissariat : Hannah Wolfe Eisner<\/p>\n\n\n\n<p class=\"has-small-font-size\"><strong>[performance] <\/strong> <strong>Mes cicatrices Je suis d&rsquo;elles, enti\u00e8rement tiss\u00e9<\/strong>\u00b7<strong>e, 3 novembre 2016, Les Jeudis Arty, Paris<\/strong>, galerie r\u00e9sidences&nbsp;Paris, Les jeudis Arty<\/p>\n\n\n\n<p class=\"has-small-font-size\"><strong>[expo] Mes cicatrices Je suis d&rsquo;elles, enti\u00e8rement tiss\u00e9<\/strong>\u00b7<strong>e, du 14 octobre au 19 novembre 2016, galerie R\u00e9sidences, Paris<\/strong>, galerie r\u00e9sidences&nbsp;Paris, Les jeudis Arty<\/p>\n\n\n\n<p class=\"has-small-font-size\"><strong>[performance] Les mots excitants, du 14 au 16 juillet 2016, EroSph\u00e8re, Paris<\/strong>, r\u00e9sidence-performance \u00e0 l\u2019invitation de l&rsquo;Erosticratie<\/p>\n\n\n\n<p class=\"has-small-font-size\"><strong>[performance] Je voudrais, 10 mars 2016, soir\u00e9e Diagonale, Paris<\/strong>, soir\u00e9e Diagonale, club Cris &amp; Chuchotements, Paris \u00e0 l\u2019invitation de l&rsquo;Erosticratie<\/p>\n\n\n\n<p class=\"has-small-font-size\"><strong>[performance] Mes cicatrices Je suis d&rsquo;elles, enti\u00e8rement tiss\u00e9<\/strong>\u00b7<strong>e, 17 janvier 2016,  Jeune cr\u00e9ation, Pantin (93)<\/strong>, galerie Thaddaeus Ropac Paris Pantin \u00e0 l\u2019invitation de Christian Alandete pour la Fondation d\u2019entreprise Ricard dans le cadre de la programmation associ\u00e9e de \u00ab Jeune cr\u00e9ation \u00bb<\/p>\n","protected":false},"excerpt":{"rendered":"<p>[performance] Petit Peuple, 19 avril 2026, exposition Bonne ch\u00e8re, Romuald Jandolo, commissariat Master 2 MAE, Universit\u00e9 de Rennes 2, \u00e0 L\u2019\u00c9glise, Noir brillant, Rennes (35) [r\u00e9sidence] Mati\u00e8res plastiques#2, 2025\/2026, Universit\u00e9 de Caen (14), en partenariat avec l&rsquo;ABTE et le D\u00f4me. \u00c9tapes de travail de la performance 2042 : 19 janvier 2026, AG de l&rsquo;ABTE Caen &hellip; <a href=\"https:\/\/helenegugenheim.com\/?page_id=2967\" class=\"more-link\">Continuer la lecture de <span class=\"screen-reader-text\">Rendez-vous<\/span><\/a><\/p>\n","protected":false},"author":1,"featured_media":0,"parent":0,"menu_order":0,"comment_status":"closed","ping_status":"closed","template":"","meta":{"footnotes":""},"class_list":["post-2967","page","type-page","status-publish","hentry"],"_links":{"self":[{"href":"https:\/\/helenegugenheim.com\/index.php?rest_route=\/wp\/v2\/pages\/2967","targetHints":{"allow":["GET"]}}],"collection":[{"href":"https:\/\/helenegugenheim.com\/index.php?rest_route=\/wp\/v2\/pages"}],"about":[{"href":"https:\/\/helenegugenheim.com\/index.php?rest_route=\/wp\/v2\/types\/page"}],"author":[{"embeddable":true,"href":"https:\/\/helenegugenheim.com\/index.php?rest_route=\/wp\/v2\/users\/1"}],"replies":[{"embeddable":true,"href":"https:\/\/helenegugenheim.com\/index.php?rest_route=%2Fwp%2Fv2%2Fcomments&post=2967"}],"version-history":[{"count":134,"href":"https:\/\/helenegugenheim.com\/index.php?rest_route=\/wp\/v2\/pages\/2967\/revisions"}],"predecessor-version":[{"id":6482,"href":"https:\/\/helenegugenheim.com\/index.php?rest_route=\/wp\/v2\/pages\/2967\/revisions\/6482"}],"wp:attachment":[{"href":"https:\/\/helenegugenheim.com\/index.php?rest_route=%2Fwp%2Fv2%2Fmedia&parent=2967"}],"curies":[{"name":"wp","href":"https:\/\/api.w.org\/{rel}","templated":true}]}}